{"id":5770,"date":"2025-04-16T21:53:32","date_gmt":"2025-04-16T19:53:32","guid":{"rendered":"https:\/\/harmoniq.md\/?post_type=product&#038;p=5770"},"modified":"2026-01-06T09:03:59","modified_gmt":"2026-01-06T07:03:59","slug":"set-cadou-nourish-flourish-almond-milk-duo-treats-110-ml","status":"publish","type":"product","link":"https:\/\/harmoniq.md\/ru\/product\/set-cadou-nourish-flourish-almond-milk-duo-treats-110-ml\/","title":{"rendered":"Set Cadou Nourish &#038; Flourish Almond Milk Duo Treats, 110 ml"},"content":{"rendered":"<p>Alina\u021bi pielea uscat\u0103 \u0219i sensibil\u0103 cu setul nostru de produse hidratante Nourish &amp; Flourish Almond Milk Duo, \u00eembog\u0103\u021bit cu lapte de migdale organic din Spania, provenit din Community Fair Trade.<\/p>\n<p>O spum\u0103 iubitoare din crema noastr\u0103 de du\u0219 va l\u0103sa pielea curat\u0103, m\u0103t\u0103soas\u0103 \u0219i mai fin\u0103.<\/p>\n<p>Iar o cantitate generoas\u0103 din untul nostru de corp, cu unt de shea din Ghana, provenit din Community Fair Trade, va alina pielea uscat\u0103 cu o hidratare de 96 de ore.<\/p>\n<p>Aceste mici obiecte de lux sunt o surpriz\u0103 perfect\u0103 pentru cineva care merit\u0103 un r\u0103sf\u0103\u021b.<\/p>\n<p>&#8211; Crem\u0103 de du\u0219 Almond Milk 60ml<\/p>\n<p>&#8211; Unt de corp Almond Milk 50ml<\/p>","protected":false},"excerpt":{"rendered":"<p><b>Nourish &amp; Flourish Almond Milk Duo<\/b><\/p>\n<p>SET CADOU \u2022 PENTRU BAIE \u0218I DU\u0218 \u2022 \u00ceNGRIJIREA PIELII<\/p>\n<p>Ambalaj: 110 ml<\/p>","protected":false},"featured_media":5772,"template":"","meta":[],"product_brand":[187],"product_cat":[226,139,266,244],"product_tag":[188,145,246],"class_list":{"0":"post-5770","1":"product","2":"type-product","3":"status-publish","4":"has-post-thumbnail","6":"product_brand-the-body-shop","7":"product_cat-geluri-de-dus","8":"product_cat-seturi-cadou","9":"product_cat-the-body-shop","10":"product_cat-travel-size","11":"product_tag-almond-milk","12":"product_tag-corporal","13":"product_tag-gift","16":"outofstock","17":"sale","18":"taxable","19":"shipping-taxable","20":"purchasable","21":"product-type-simple","22":"product-grid-view"},"_links":{"self":[{"href":"https:\/\/harmoniq.md\/ru\/wp-json\/wp\/v2\/product\/5770","targetHints":{"allow":["GET"]}}],"collection":[{"href":"https:\/\/harmoniq.md\/ru\/wp-json\/wp\/v2\/product"}],"about":[{"href":"https:\/\/harmoniq.md\/ru\/wp-json\/wp\/v2\/types\/product"}],"version-history":[{"count":1,"href":"https:\/\/harmoniq.md\/ru\/wp-json\/wp\/v2\/product\/5770\/revisions"}],"predecessor-version":[{"id":5773,"href":"https:\/\/harmoniq.md\/ru\/wp-json\/wp\/v2\/product\/5770\/revisions\/5773"}],"wp:featuredmedia":[{"embeddable":true,"href":"https:\/\/harmoniq.md\/ru\/wp-json\/wp\/v2\/media\/5772"}],"wp:attachment":[{"href":"https:\/\/harmoniq.md\/ru\/wp-json\/wp\/v2\/media?parent=5770"}],"wp:term":[{"taxonomy":"product_brand","embeddable":true,"href":"https:\/\/harmoniq.md\/ru\/wp-json\/wp\/v2\/product_brand?post=5770"},{"taxonomy":"product_cat","embeddable":true,"href":"https:\/\/harmoniq.md\/ru\/wp-json\/wp\/v2\/product_cat?post=5770"},{"taxonomy":"product_tag","embeddable":true,"href":"https:\/\/harmoniq.md\/ru\/wp-json\/wp\/v2\/product_tag?post=5770"}],"curies":[{"name":"wp","href":"https:\/\/api.w.org\/{rel}","templated":true}]}}