{"id":5760,"date":"2025-04-16T21:48:06","date_gmt":"2025-04-16T19:48:06","guid":{"rendered":"https:\/\/harmoniq.md\/?post_type=product&#038;p=5760"},"modified":"2025-12-15T16:42:04","modified_gmt":"2025-12-15T14:42:04","slug":"pudra-bronzanta-mata-coconut-bronze-fair-9-g","status":"publish","type":"product","link":"https:\/\/harmoniq.md\/ru\/product\/pudra-bronzanta-mata-coconut-bronze-fair-9-g\/","title":{"rendered":"Pudr\u0103 bronzant\u0103 mat\u0103 Coconut Bronze Fair, 9 g"},"content":{"rendered":"<p>Pentru un ten cu aspect bronzat natural tot timpul anului, aplica pudra noastra Coconut Bronze Matte Bronzing Powder.<\/p>\n<p>Pudra lejera are un burete usor de folosit pentru retusul efectului radiant sarutat de soare oriunde si oricand doresti.<\/p>\n<ul>\n<li>Pudra bronzanta mata<\/li>\n<li>Formula non-cakey<\/li>\n<li>Se aseaza uniform pe ten<\/li>\n<li>Imbogatita cu ulei organic virgin din nuca de cocos din Samoa prin programul Community Fair Trade<\/li>\n<li>Potrivita pentru tenul sensibil<\/li>\n<li>Testata dermatologic<\/li>\n<li>Ambalaj 100% reciclabil<\/li>\n<\/ul>","protected":false},"excerpt":{"rendered":"<p><b>Coconut Bronze Matte Bronzing Powder<\/b><\/p>\n<p>BRONZANT U\u0218OR \u2022 POTRIVIT PENTRU PIELEA SENSIBIL\u0102 \u2022 FINISAJ MAT<\/p>\n<p>Ambalaj: 9 g<\/p>","protected":false},"featured_media":5761,"template":"","meta":[],"product_brand":[187],"product_cat":[129,128,266],"product_tag":[199,144],"class_list":{"0":"post-5760","1":"product","2":"type-product","3":"status-publish","4":"has-post-thumbnail","6":"product_brand-the-body-shop","7":"product_cat-blush","8":"product_cat-machiaj-pentru-fata","9":"product_cat-the-body-shop","10":"product_tag-coconut","11":"product_tag-facial","14":"instock","15":"sale","16":"taxable","17":"shipping-taxable","18":"purchasable","19":"product-type-simple","20":"product-grid-view"},"_links":{"self":[{"href":"https:\/\/harmoniq.md\/ru\/wp-json\/wp\/v2\/product\/5760","targetHints":{"allow":["GET"]}}],"collection":[{"href":"https:\/\/harmoniq.md\/ru\/wp-json\/wp\/v2\/product"}],"about":[{"href":"https:\/\/harmoniq.md\/ru\/wp-json\/wp\/v2\/types\/product"}],"version-history":[{"count":2,"href":"https:\/\/harmoniq.md\/ru\/wp-json\/wp\/v2\/product\/5760\/revisions"}],"predecessor-version":[{"id":6327,"href":"https:\/\/harmoniq.md\/ru\/wp-json\/wp\/v2\/product\/5760\/revisions\/6327"}],"wp:featuredmedia":[{"embeddable":true,"href":"https:\/\/harmoniq.md\/ru\/wp-json\/wp\/v2\/media\/5761"}],"wp:attachment":[{"href":"https:\/\/harmoniq.md\/ru\/wp-json\/wp\/v2\/media?parent=5760"}],"wp:term":[{"taxonomy":"product_brand","embeddable":true,"href":"https:\/\/harmoniq.md\/ru\/wp-json\/wp\/v2\/product_brand?post=5760"},{"taxonomy":"product_cat","embeddable":true,"href":"https:\/\/harmoniq.md\/ru\/wp-json\/wp\/v2\/product_cat?post=5760"},{"taxonomy":"product_tag","embeddable":true,"href":"https:\/\/harmoniq.md\/ru\/wp-json\/wp\/v2\/product_tag?post=5760"}],"curies":[{"name":"wp","href":"https:\/\/api.w.org\/{rel}","templated":true}]}}