{"id":5734,"date":"2025-04-16T21:27:05","date_gmt":"2025-04-16T19:27:05","guid":{"rendered":"https:\/\/harmoniq.md\/?post_type=product&#038;p=5734"},"modified":"2025-12-15T16:43:31","modified_gmt":"2025-12-15T14:43:31","slug":"pigment-colorant-pentru-buze-ochi-si-pometi-freestyle-multicolour-rise-15-ml","status":"publish","type":"product","link":"https:\/\/harmoniq.md\/ru\/product\/pigment-colorant-pentru-buze-ochi-si-pometi-freestyle-multicolour-rise-15-ml\/","title":{"rendered":"Pigment colorant pentru buze, ochi \u0219i pome\u021bi Freestyle Multicolour Rise, 15 ml"},"content":{"rendered":"<p>Ai nevoie de o schimbare \u00een rutina ta zilnic\u0103 de machiaj? Uita\u021bi de regulile obi\u0219nuite pe care le-a\u021bi \u0219tiut p\u00e2n\u0103 acum despre machiaj \u0219i haide\u021bi s\u0103 devenim creative cu Freestyle Multi-Tasking Pigments.<\/p>\n<p>Freestyle Multi-Tasking Pigments se va transforma \u00eentr-un adev\u0103rat aliat pentru machiajul t\u0103u!\u00a0 Datorit\u0103 formulei lor hidratante \u0219i cremoase, acestea \u00ee\u021bi permit s\u0103 ajustezi intensitatea efectului de machiaj \u00een func\u021bie de starea ta de spirit, deoarece \u00ee\u021bi las\u0103 buzele, ochii sau pome\u021bii cu pigmen\u021bi moi. Sunt disponibile \u00eentr-o palet\u0103 vesel\u0103 de nuan\u021be care te vor flata, cu un finisaj mai mat sau mai irizat, pe care cu siguran\u021b\u0103 \u00eel vei \u00eendr\u0103gi.<\/p>\n<p>\u00cembog\u0103\u021bite cu ulei de cocos organic, pe care \u00eel procur\u0103m din Samoa prin programul nostru Community Fair Trade, pigmen\u021bii Freestyle Multi-Tasking Pigments con\u021bin 90% ingrediente de provenien\u021b\u0103 natural\u0103 \u0219i ofer\u0103 pielii \u0219i buzelor tale o moliciune unic\u0103 \u0219i o hidratare bogat\u0103, f\u0103r\u0103 a fi uleioase sau deshidratante. Datorit\u0103 formulei lor, Freestyle Multi-Tasking Pigments v\u0103 permit s\u0103 le amesteca\u021bi \u0219i s\u0103 le adapta\u021bi la orice look de machiaj pe care \u00eel dori\u021bi. Tu stabile\u0219ti regulile pentru propriul t\u0103u look de machiaj!<\/p>\n<p>Aplica\u021bi Freestyle Multi-Tasking Pigments u\u0219or pe piele pentru un aspect mai u\u0219or \u0219i mai subtil sau repeta\u021bi aplicarea de c\u00e2teva ori pentru a atrage privirea spre dumneavoastr\u0103, ob\u021bin\u00e2nd un look de excep\u021bie.<\/p>\n<p>La The Body Shop \u00eencerc\u0103m \u00eentotdeauna s\u0103 avem o cultur\u0103 incluziv\u0103. \u00cen acest scop, am testat pigmen\u021bii no\u0219tri Freestyle Pigments pe o scar\u0103 de 6 tonuri de piele diferite, folosind scala Fitzpatrick. Testul a fost prelevat pe 200 de persoane, de sexe diferite, de v\u00e2rste diferite \u0219i cu diferite tonuri \u0219i tipuri de piele, pentru a ne asigura c\u0103 produsul nostru este eficient pentru toat\u0103 lumea.<\/p>\n<p>Exist\u0103 \u0219i mai multe motive de bucurie: Freestyle Multi-Tasking Pigments se prezint\u0103 \u00eentr-un tub din aluminiu reciclat, cu un aluminiu 95% PCR \u0219i un capac din plastic reciclat. Separa\u021bi p\u0103r\u021bile ambalajului \u0219i recicla\u021bi-le separat. Tuburile din aluminiu pot fi u\u0219or \u00eendoite pentru a reduce spa\u021biul pe care \u00eel ocup\u0103 la reciclare.<\/p>\n<p>*Unde sunt disponibile facilit\u0103\u021bi locale de reciclare.<\/p>\n<ul>\n<li>Disponibil \u00een mai multe culori mate sau irizate.<\/li>\n<li>Se utilizeaz\u0103 pe buze, pome\u021bi \u0219i ochi<\/li>\n<li>Formul\u0103 u\u0219oar\u0103, potrivit\u0103 pentru a crea cu u\u0219urin\u021b\u0103 intensitatea pe care o dori\u021bi<\/li>\n<li>\u00cembog\u0103\u021bit cu ulei de nuc\u0103 de cocos organic prin programul nostru de comer\u021b echitabil cu comunit\u0103\u021bi<\/li>\n<li>Cu 90% ingrediente de origine natural\u0103<\/li>\n<li>\u0412\u0435\u0433\u0430\u043d\u0441\u043a\u0438\u0439<\/li>\n<li>\u0421\u0435\u0440\u0442\u0438\u0444\u0438\u0446\u0438\u0440\u043e\u0432\u0430\u043d\u043e Vegan Society<\/li>\n<li>Potrivit pentru pielea sensibil\u0103, produs testat dermatologic<\/li>\n<\/ul>\n<p>Ambalaj 100% reciclabil*. Const\u0103 dintr-un tub din aluminiu reciclat cu 95% aluminiu PCR \u0219i un capac din plastic reciclat.<\/p>","protected":false},"excerpt":{"rendered":"<p><b>Freestyle Multi-Tasking Pigments<\/b><\/p>\n<p>PRODUS MULTIFUNC\u021aIONAL PENTRU BUZE, OCHI \u0218I POME\u021aI<\/p>\n<p>Ambalaj: 15 ml<\/p>","protected":false},"featured_media":5735,"template":"","meta":[],"product_brand":[187],"product_cat":[129,134,126,128,127,137,266],"product_tag":[144,251],"class_list":{"0":"post-5734","1":"product","2":"type-product","3":"status-publish","4":"has-post-thumbnail","6":"product_brand-the-body-shop","7":"product_cat-blush","8":"product_cat-farduri-de-pleoape","9":"product_cat-machiaj-pentru-buze","10":"product_cat-machiaj-pentru-fata","11":"product_cat-machiaj-pentru-ochi","12":"product_cat-rujuri","13":"product_cat-the-body-shop","14":"product_tag-facial","15":"product_tag-freestyle","18":"instock","19":"sale","20":"taxable","21":"shipping-taxable","22":"purchasable","23":"product-type-simple","24":"product-grid-view"},"_links":{"self":[{"href":"https:\/\/harmoniq.md\/ru\/wp-json\/wp\/v2\/product\/5734","targetHints":{"allow":["GET"]}}],"collection":[{"href":"https:\/\/harmoniq.md\/ru\/wp-json\/wp\/v2\/product"}],"about":[{"href":"https:\/\/harmoniq.md\/ru\/wp-json\/wp\/v2\/types\/product"}],"version-history":[{"count":1,"href":"https:\/\/harmoniq.md\/ru\/wp-json\/wp\/v2\/product\/5734\/revisions"}],"predecessor-version":[{"id":5736,"href":"https:\/\/harmoniq.md\/ru\/wp-json\/wp\/v2\/product\/5734\/revisions\/5736"}],"wp:featuredmedia":[{"embeddable":true,"href":"https:\/\/harmoniq.md\/ru\/wp-json\/wp\/v2\/media\/5735"}],"wp:attachment":[{"href":"https:\/\/harmoniq.md\/ru\/wp-json\/wp\/v2\/media?parent=5734"}],"wp:term":[{"taxonomy":"product_brand","embeddable":true,"href":"https:\/\/harmoniq.md\/ru\/wp-json\/wp\/v2\/product_brand?post=5734"},{"taxonomy":"product_cat","embeddable":true,"href":"https:\/\/harmoniq.md\/ru\/wp-json\/wp\/v2\/product_cat?post=5734"},{"taxonomy":"product_tag","embeddable":true,"href":"https:\/\/harmoniq.md\/ru\/wp-json\/wp\/v2\/product_tag?post=5734"}],"curies":[{"name":"wp","href":"https:\/\/api.w.org\/{rel}","templated":true}]}}