{"id":5596,"date":"2025-04-14T18:32:45","date_gmt":"2025-04-14T16:32:45","guid":{"rendered":"https:\/\/harmoniq.md\/?post_type=product&#038;p=5596"},"modified":"2025-06-17T19:01:09","modified_gmt":"2025-06-17T17:01:09","slug":"demachiant-emulsie-cu-musetel-camomile-245-ml","status":"publish","type":"product","link":"https:\/\/harmoniq.md\/ru\/product\/demachiant-emulsie-cu-musetel-camomile-245-ml\/","title":{"rendered":"Demachiant emulsie cu mu\u0219e\u021bel Camomile, 245 ml"},"content":{"rendered":"<p>F\u0103 cuno\u0219tin\u021b\u0103 cu produsul nostru de cur\u0103\u021bare cu mu\u0219e\u021bel, care \u00eendep\u0103rteaz\u0103 \u00een mod eficient machiajul, impurit\u0103\u021bile \u0219i excesul de ulei \u00eentr-un singur pas. At\u00e2t de simplu! Este ideal pentru tenul cu machiaj u\u0219or sau atunci c\u00e2nd nu mai este timp pentru o cur\u0103\u021bare dubl\u0103.<\/p>\n<p>Textura sa u\u0219oar\u0103, gelatinoas\u0103, se transform\u0103 din gel \u00een emulsie m\u0103t\u0103soas\u0103 atunci c\u00e2nd ad\u0103uga\u021bi ap\u0103, \u00eendep\u0103rt\u00e2nd machiajul \u0219i l\u0103s\u00e2nd pielea curat\u0103 \u0219i echilibrat\u0103. \u0218i nu numai at\u00e2t! \u00cendep\u0103rteaz\u0103 chiar \u0219i cea mai \u00eenc\u0103p\u0103\u021b\u00e2nat\u0103 mascara, precum \u0219i cele mai permanente produse de machiaj pentru buze.<\/p>\n<p>Formula sa bl\u00e2nd\u0103 se aplic\u0103 delicat pe piele, f\u0103r\u0103 a l\u0103sa reziduuri sau senza\u021bie de senza\u021bie de ap\u0103sare \u0219i usc\u0103ciune. Dimpotriv\u0103, pielea ta se simte curat\u0103, \u00eentinerit\u0103 \u0219i m\u0103t\u0103soas\u0103. \u0218i \u00eenc\u0103 un lucru &#8211; este potrivit pentru pielea sensibil\u0103, pentru ochi \u0219i pentru purt\u0103torii de lentile de contact.<\/p>\n<p>Camomile Jelly One-Step Cleanser con\u021bine ap\u0103 lini\u0219titoare de mu\u0219e\u021bel din Norfolk, Anglia \u0219i este ideal pentru zilele \u00een care purta\u021bi un machiaj u\u0219or, pentru cur\u0103\u021barea dup\u0103 gimnastic\u0103 sau pur \u0219i simplu pentru a \u00eendep\u0103rta murd\u0103ria de pe fa\u021b\u0103. Este, de asemenea, \u00eembog\u0103\u021bit cu 95% ingrediente de origine natural\u0103 \u0219i certificat de The Vegan Society, \u00een timp ce este aliatul t\u0103u pentru cur\u0103\u021barea \u0219i preg\u0103tirea pielii pentru urm\u0103toarele etape de \u00eengrijire din rutina ta de sear\u0103.<\/p>\n<p>Un alt motiv pentru care o vei \u00eendr\u0103gi este ambalajul s\u0103u! Flaconul este fabricat din plastic 100% reciclat \u0219i cea mai bun\u0103 parte? O po\u021bi recicla din nou*, astfel \u00eenc\u00e2t s\u0103 contribui \u0219i tu la reducerea de\u0219eurilor.<\/p>\n<ul>\n<li>Emulsie de cur\u0103\u021bare facial\u0103 \u00eentr-un singur pas, cu o textur\u0103 gelatinoas\u0103<\/li>\n<li>Potrivit pentru toate tipurile de piele, inclusiv pentru pielea sensibil\u0103<\/li>\n<li>Formul\u0103 u\u0219oar\u0103 cu o textur\u0103 de gel care se transform\u0103 \u00een emulsie<\/li>\n<li>S-a dovedit clinic c\u0103 cur\u0103\u021b\u0103 pielea de impurit\u0103\u021bi<\/li>\n<li>Las\u0103 pielea curat\u0103, revitalizat\u0103 \u0219i neted\u0103 ca m\u0103tasea<\/li>\n<li>\u00cembog\u0103\u021bit\u0103 cu 95% ingrediente de origine natural\u0103<\/li>\n<li>\u0421\u0435\u0440\u0442\u0438\u0444\u0438\u0446\u0438\u0440\u043e\u0432\u0430\u043d\u043d\u044b\u0439 The Vegan Society.<\/li>\n<li>Testat dermatologic \u0219i oftalmologic<\/li>\n<\/ul>\n<p>*Dac\u0103 exist\u0103 infrastructur\u0103 local\u0103 de reciclare. \u00cendep\u0103rta\u021bi pompa \u00eenainte de reciclare.<\/p>","protected":false},"excerpt":{"rendered":"<p><b>Camomile Jelly One-Step Cleanser<\/b><\/p>\n<p>\u00ceNDEP\u0102RTEAZ\u0102 MACHIAJUL F\u0102R\u0102 EFORT \u2022 PENTRU FA\u021a\u0102, BUZE \u0218I OCHI \u2022 CUR\u0102\u021aARE DUBL\u0102 \u00ceNTR-UN SINGUR PAS<\/p>\n<p>Ambalaj: 245 ml<\/p>\n<div id=\"accordion\" class=\"panel-group\">\n<div class=\"panel panel-default\">\n<div class=\"panel-heading\"><\/div>\n<\/div>\n<\/div>","protected":false},"featured_media":5597,"template":"","meta":[],"product_brand":[187],"product_cat":[152,91,159,175,153,158,157,155,156,154,266],"product_tag":[198,144],"class_list":{"0":"post-5596","1":"product","2":"type-product","3":"status-publish","4":"has-post-thumbnail","6":"product_brand-the-body-shop","7":"product_cat-anti-aging","8":"product_cat-demachiere-si-curatare","9":"product_cat-facial","10":"product_cat-piele-terna","11":"product_cat-primele-riduri","12":"product_cat-ten-cu-pete","13":"product_cat-ten-mixt-impur","14":"product_cat-ten-normal","15":"product_cat-ten-sensibil-si-intolerant","16":"product_cat-ten-uscat","17":"product_cat-the-body-shop","18":"product_tag-camomile","19":"product_tag-facial","22":"outofstock","23":"taxable","24":"shipping-taxable","25":"purchasable","26":"product-type-simple","27":"product-grid-view"},"_links":{"self":[{"href":"https:\/\/harmoniq.md\/ru\/wp-json\/wp\/v2\/product\/5596","targetHints":{"allow":["GET"]}}],"collection":[{"href":"https:\/\/harmoniq.md\/ru\/wp-json\/wp\/v2\/product"}],"about":[{"href":"https:\/\/harmoniq.md\/ru\/wp-json\/wp\/v2\/types\/product"}],"version-history":[{"count":1,"href":"https:\/\/harmoniq.md\/ru\/wp-json\/wp\/v2\/product\/5596\/revisions"}],"predecessor-version":[{"id":5602,"href":"https:\/\/harmoniq.md\/ru\/wp-json\/wp\/v2\/product\/5596\/revisions\/5602"}],"wp:featuredmedia":[{"embeddable":true,"href":"https:\/\/harmoniq.md\/ru\/wp-json\/wp\/v2\/media\/5597"}],"wp:attachment":[{"href":"https:\/\/harmoniq.md\/ru\/wp-json\/wp\/v2\/media?parent=5596"}],"wp:term":[{"taxonomy":"product_brand","embeddable":true,"href":"https:\/\/harmoniq.md\/ru\/wp-json\/wp\/v2\/product_brand?post=5596"},{"taxonomy":"product_cat","embeddable":true,"href":"https:\/\/harmoniq.md\/ru\/wp-json\/wp\/v2\/product_cat?post=5596"},{"taxonomy":"product_tag","embeddable":true,"href":"https:\/\/harmoniq.md\/ru\/wp-json\/wp\/v2\/product_tag?post=5596"}],"curies":[{"name":"wp","href":"https:\/\/api.w.org\/{rel}","templated":true}]}}