{"id":5582,"date":"2025-04-14T18:27:15","date_gmt":"2025-04-14T16:27:15","guid":{"rendered":"https:\/\/harmoniq.md\/?post_type=product&#038;p=5582"},"modified":"2025-12-15T15:31:28","modified_gmt":"2025-12-15T13:31:28","slug":"gel-pentru-spalat-tenul-seaweed-125-ml","status":"publish","type":"product","link":"https:\/\/harmoniq.md\/ru\/product\/gel-pentru-spalat-tenul-seaweed-125-ml\/","title":{"rendered":"Gel pentru sp\u0103lat tenul Seaweed, 125 ml"},"content":{"rendered":"<p>Solu\u021bia noastr\u0103 preferat\u0103 de cur\u0103\u021bare facial\u0103 Seaweed Oil-Control Face Wash pentru cur\u0103\u021barea fe\u021bei cu alge marine este sigur\u0103 c\u0103 v\u0103 va l\u0103sa pielea complet curat\u0103, f\u0103r\u0103 senza\u021bia de senza\u021bie de ap\u0103sare sau usc\u0103ciune.<\/p>\n<p>Cu o formul\u0103 ideal\u0103 pentru pielea gras\u0103 \u0219i mixt\u0103, care se transform\u0103 din gel \u00een spum\u0103, acest produs cur\u0103\u021b\u0103 impurit\u0103\u021bile zilnice \u0219i \u00eendep\u0103rteaz\u0103 excesul de ulei. Se \u00eentinde uniform pe piele, oferindu-i o senza\u021bie de cur\u0103\u021benie f\u0103r\u0103 str\u0103lucire inutil\u0103, echilibrat\u0103 \u0219i \u00eentinerit\u0103, ca o gur\u0103 de aer proasp\u0103t de mare.<\/p>\n<p>\u00cembog\u0103\u021bit acum cu 93% ingrediente de origine natural\u0103, acest produs de cur\u0103\u021bare pentru controlul gr\u0103simii pielii este formulat cu o nou\u0103 alg\u0103 activ\u0103: alga regal\u0103 din Bretania, Fran\u021ba. Alga noastr\u0103 regal\u0103*, de origine durabil\u0103, este o alg\u0103 activ\u0103 de origine durabil\u0103 care ajut\u0103 la echilibrarea ungerii \u0219i a usc\u0103ciunii pielii. Rezultatul? O piele fericit\u0103, s\u0103n\u0103toas\u0103 \u0219i hidratat\u0103. C\u00e2t despre aroma sa? R\u0103m\u00e2ne acela\u0219i parfum minunat pe care \u00eel cunoa\u0219te\u021bi \u0219i pe care l-a\u021bi \u00eendr\u0103git.<\/p>\n<p>Dar nu ne oprim aici. Ne-am \u00eembun\u0103t\u0103\u021bit ambalajul, astfel \u00eenc\u00e2t produsul t\u0103u de cur\u0103\u021bare preferat este acum disponibil \u00eentr-un ambalaj 100% reciclabil**.<\/p>\n<ul>\n<li>Cur\u0103\u021b\u0103 delicat, dar \u00een profunzime, pielea<\/li>\n<li>Ajut\u0103 la echilibrarea \u0219i la opacifierea pielii<\/li>\n<li>Ideal pentru pielea mixt\u0103 \u0219i gras\u0103<\/li>\n<li>\u00cembog\u0103\u021bit cu alge regale de provenien\u021b\u0103 sustenabil\u0103<\/li>\n<li>Cu 93% ingrediente de origine natural\u0103<\/li>\n<li>\u0412\u0435\u0433\u0430\u043d\u0441\u043a\u0438\u0439<\/li>\n<li>\u0414\u0435\u0440\u043c\u0430\u0442\u043e\u043b\u043e\u0433\u0438\u0447\u0435\u0441\u043a\u0438 \u043f\u0440\u043e\u0442\u0435\u0441\u0442\u0438\u0440\u043e\u0432\u0430\u043d\u043d\u044b\u0439 \u043f\u0440\u043e\u0434\u0443\u043a\u0442.<\/li>\n<\/ul>\n<p>*Unde exist\u0103 infrastructur\u0103 local\u0103<\/p>\n<p>*Am crezut \u00eentotdeauna c\u0103 algele marine au beneficii benefice pentru piele. Dar ele nu sunt bune doar pentru fa\u021ba ta fabuloas\u0103. \u0218tia\u021bi c\u0103 algele noastre active, cum ar fi algele noastre regale, provin din surse sustenabile care folosesc metode de cultivare responsabile din Bretania, Fran\u021ba? Cu alte cuvinte, este o resurs\u0103 regenerabil\u0103 care este, de asemenea, benefic\u0103 pentru ecosistemul nostru marin pre\u021bios.<\/p>\n<p>**Dac\u0103 exist\u0103 o infrastructur\u0103 local\u0103 de reciclare<\/p>","protected":false},"excerpt":{"rendered":"<p><b>Seaweed Oil-Control Gel Cream<\/b><\/p>\n<p>PENTRU TEN MIXT \u0218I GRAS\u00a0\u2022 CUR\u0102\u021a\u0102 DELICAT PIELEA\u00a0\u00a0\u2022\u00a093% INGREDIENTE NATURALE\u00a0 \u2022 FORMUL\u0102 VEGAN\u0102<\/p>\n<p>Ambalaj: 125 ml<\/p>\n<div id=\"accordion\" class=\"panel-group\">\n<div class=\"panel panel-default\">\n<div class=\"panel-heading\"><\/div>\n<\/div>\n<\/div>","protected":false},"featured_media":5583,"template":"","meta":[],"product_brand":[187],"product_cat":[152,91,159,175,153,158,157,155,156,154,266],"product_tag":[144,253],"class_list":{"0":"post-5582","1":"product","2":"type-product","3":"status-publish","4":"has-post-thumbnail","6":"product_brand-the-body-shop","7":"product_cat-anti-aging","8":"product_cat-demachiere-si-curatare","9":"product_cat-facial","10":"product_cat-piele-terna","11":"product_cat-primele-riduri","12":"product_cat-ten-cu-pete","13":"product_cat-ten-mixt-impur","14":"product_cat-ten-normal","15":"product_cat-ten-sensibil-si-intolerant","16":"product_cat-ten-uscat","17":"product_cat-the-body-shop","18":"product_tag-facial","19":"product_tag-seaweed","22":"instock","23":"sale","24":"taxable","25":"shipping-taxable","26":"purchasable","27":"product-type-simple","28":"product-grid-view"},"_links":{"self":[{"href":"https:\/\/harmoniq.md\/ru\/wp-json\/wp\/v2\/product\/5582","targetHints":{"allow":["GET"]}}],"collection":[{"href":"https:\/\/harmoniq.md\/ru\/wp-json\/wp\/v2\/product"}],"about":[{"href":"https:\/\/harmoniq.md\/ru\/wp-json\/wp\/v2\/types\/product"}],"version-history":[{"count":1,"href":"https:\/\/harmoniq.md\/ru\/wp-json\/wp\/v2\/product\/5582\/revisions"}],"predecessor-version":[{"id":5586,"href":"https:\/\/harmoniq.md\/ru\/wp-json\/wp\/v2\/product\/5582\/revisions\/5586"}],"wp:featuredmedia":[{"embeddable":true,"href":"https:\/\/harmoniq.md\/ru\/wp-json\/wp\/v2\/media\/5583"}],"wp:attachment":[{"href":"https:\/\/harmoniq.md\/ru\/wp-json\/wp\/v2\/media?parent=5582"}],"wp:term":[{"taxonomy":"product_brand","embeddable":true,"href":"https:\/\/harmoniq.md\/ru\/wp-json\/wp\/v2\/product_brand?post=5582"},{"taxonomy":"product_cat","embeddable":true,"href":"https:\/\/harmoniq.md\/ru\/wp-json\/wp\/v2\/product_cat?post=5582"},{"taxonomy":"product_tag","embeddable":true,"href":"https:\/\/harmoniq.md\/ru\/wp-json\/wp\/v2\/product_tag?post=5582"}],"curies":[{"name":"wp","href":"https:\/\/api.w.org\/{rel}","templated":true}]}}