{"id":5459,"date":"2025-04-14T17:06:21","date_gmt":"2025-04-14T15:06:21","guid":{"rendered":"https:\/\/harmoniq.md\/?post_type=product&#038;p=5459"},"modified":"2026-01-09T11:24:26","modified_gmt":"2026-01-09T09:24:26","slug":"crema-contur-ochi-vitamin-e-15-ml","status":"publish","type":"product","link":"https:\/\/harmoniq.md\/ru\/product\/crema-contur-ochi-vitamin-e-15-ml\/","title":{"rendered":"Crem\u0103 contur ochi Vitamin E, 15 ml"},"content":{"rendered":"<p>Ar\u0103ta\u021bi pu\u021bin\u0103 dragoste \u00een plus zonei delicate din jurul ochilor cu aceast\u0103 crem\u0103 de ochi bogat\u0103, care va l\u0103sa pielea vizibil mai fin\u0103, \u00eemprosp\u0103tat\u0103 \u0219i hidratat\u0103.<\/p>\n<p>\u00cembog\u0103\u021bit\u0103 cu 94% ingrediente de origine natural\u0103, inclusiv dou\u0103 ingrediente cunoscute pentru propriet\u0103\u021bile lor hidratante: acidul hialuronic de origine natural\u0103 \u0219i vitamina E. Acidul hialuronic poate suna pu\u021bin cam de ni\u0219\u0103, dar este pur \u0219i simplu o molecul\u0103 natural\u0103 care atrage de 1000 de ori greutatea sa \u00een ap\u0103, men\u021bin\u00e2nd pielea plin\u0103 de hidratare.<\/p>\n<p>Cu aceste ingrediente minunate, se poate spune c\u0103 aceast\u0103 crem\u0103 de ochi v\u0103 va \u00eentineri ochii obosi\u021bi, oferindu-le un aspect mai odihnit \u0219i mai luminos ca niciodat\u0103!<\/p>\n<p>Era c\u00e2t pe ce s\u0103 uit\u0103m ceva la fel de important: Aceast\u0103 crem\u0103 de ochi vine \u00eentr-un ambalaj reciclabil*. \u00cen acest fel, ajut\u0103m planeta \u0219i pielea noastr\u0103 \u00een acela\u0219i timp.<\/p>\n<ul>\n<li>Hidrateaz\u0103 \u0219i \u00eentinere\u0219te zona delicat\u0103 a ochilor<\/li>\n<li>Ideal\u0103 pentru toate tipurile de piele<\/li>\n<li>\u00cembog\u0103\u021bit\u0103 cu vitamina E \u0219i acid hialuronic de origine natural\u0103<\/li>\n<li>\u00cembog\u0103\u021bit cu 94% ingrediente naturale<\/li>\n<li>\u0412\u0435\u0433\u0430\u043d\u0441\u043a\u0438\u0439<\/li>\n<li>\u0414\u0435\u0440\u043c\u0430\u0442\u043e\u043b\u043e\u0433\u0438\u0447\u0435\u0441\u043a\u0438 \u043f\u0440\u043e\u0442\u0435\u0441\u0442\u0438\u0440\u043e\u0432\u0430\u043d\u043d\u044b\u0439 \u043f\u0440\u043e\u0434\u0443\u043a\u0442.<\/li>\n<\/ul>\n<p>* \u00cen cazul \u00een care exist\u0103 o infrastructur\u0103 local\u0103 de reciclare.<\/p>","protected":false},"excerpt":{"rendered":"<p><b>Vitamin E Eye Cream<\/b><\/p>\n<p>PENTRU TOATE TIPURILE DE PIELE \u2022 NETEZE\u0218TE CONTURUL OCHILOR<\/p>\n<div class=\"clearfix\">Ambalaj: 15 ml<\/div>\n<div id=\"accordion\" class=\"panel-group\">\n<div class=\"panel panel-default\">\n<div class=\"panel-heading\"><\/div>\n<\/div>\n<\/div>","protected":false},"featured_media":5460,"template":"","meta":[],"product_brand":[187],"product_cat":[152,132,121,159,175,153,158,157,155,156,154,266],"product_tag":[144,221],"class_list":{"0":"post-5459","1":"product","2":"type-product","3":"status-publish","4":"has-post-thumbnail","6":"product_brand-the-body-shop","7":"product_cat-anti-aging","8":"product_cat-creioane-de-ochi","9":"product_cat-creme","10":"product_cat-facial","11":"product_cat-piele-terna","12":"product_cat-primele-riduri","13":"product_cat-ten-cu-pete","14":"product_cat-ten-mixt-impur","15":"product_cat-ten-normal","16":"product_cat-ten-sensibil-si-intolerant","17":"product_cat-ten-uscat","18":"product_cat-the-body-shop","19":"product_tag-facial","20":"product_tag-vitamin-e","23":"outofstock","24":"sale","25":"taxable","26":"shipping-taxable","27":"purchasable","28":"product-type-simple","29":"product-grid-view"},"_links":{"self":[{"href":"https:\/\/harmoniq.md\/ru\/wp-json\/wp\/v2\/product\/5459","targetHints":{"allow":["GET"]}}],"collection":[{"href":"https:\/\/harmoniq.md\/ru\/wp-json\/wp\/v2\/product"}],"about":[{"href":"https:\/\/harmoniq.md\/ru\/wp-json\/wp\/v2\/types\/product"}],"version-history":[{"count":1,"href":"https:\/\/harmoniq.md\/ru\/wp-json\/wp\/v2\/product\/5459\/revisions"}],"predecessor-version":[{"id":5463,"href":"https:\/\/harmoniq.md\/ru\/wp-json\/wp\/v2\/product\/5459\/revisions\/5463"}],"wp:featuredmedia":[{"embeddable":true,"href":"https:\/\/harmoniq.md\/ru\/wp-json\/wp\/v2\/media\/5460"}],"wp:attachment":[{"href":"https:\/\/harmoniq.md\/ru\/wp-json\/wp\/v2\/media?parent=5459"}],"wp:term":[{"taxonomy":"product_brand","embeddable":true,"href":"https:\/\/harmoniq.md\/ru\/wp-json\/wp\/v2\/product_brand?post=5459"},{"taxonomy":"product_cat","embeddable":true,"href":"https:\/\/harmoniq.md\/ru\/wp-json\/wp\/v2\/product_cat?post=5459"},{"taxonomy":"product_tag","embeddable":true,"href":"https:\/\/harmoniq.md\/ru\/wp-json\/wp\/v2\/product_tag?post=5459"}],"curies":[{"name":"wp","href":"https:\/\/api.w.org\/{rel}","templated":true}]}}