{"id":5382,"date":"2025-04-13T23:23:42","date_gmt":"2025-04-13T21:23:42","guid":{"rendered":"https:\/\/harmoniq.md\/?post_type=product&#038;p=5382"},"modified":"2025-10-08T20:42:34","modified_gmt":"2025-10-08T18:42:34","slug":"crema-hidratanta-pentru-maini-shea-safron-30-ml","status":"publish","type":"product","link":"https:\/\/harmoniq.md\/ru\/product\/crema-hidratanta-pentru-maini-shea-safron-30-ml\/","title":{"rendered":"Crem\u0103 hidratant\u0103 pentru m\u00e2ini Shea &#038; Safron, 30 ml"},"content":{"rendered":"<p>Ofer\u0103 m\u00e2inilor tale uscate \u00eengrijirea de care au nevoie pentru a r\u0103m\u00e2ne moi, hidratate \u0219i protejate de usc\u0103ciunea nedorit\u0103. Descoper\u0103 noul nostru balsam de m\u00e2ini Shea &amp; Safran, o ad\u0103ugare luxoas\u0103 \u0219i atr\u0103g\u0103toare la linia noastr\u0103 iconic\u0103 de \u00eengrijire a corpului, pe care o iube\u0219ti. Nu \u00eent\u00e2rzii, pentru c\u0103 se epuizeaz\u0103 rapid!<\/p>\n<p>Dac\u0103 nu \u0219tiai deja, \u0219ofranul, aceast\u0103 condiment rar\u0103 \u0219i unic\u0103, are un miros bogat \u0219i cremos, f\u0103c\u00e2ndu-l cadoul perfect pentru cineva drag sau pentru propriile tale m\u00e2ini care merit\u0103 pu\u021bin\u0103 aten\u021bie \u00een acest sezon. Vei adora acest miros fantastic \u0219i vei oferi pielii m\u00e2inilor tale o u\u0219urare instantanee de la usc\u0103ciune \u0219i senza\u021bia de tensiune rapid \u0219i u\u0219or.<\/p>\n<p>Formula 100% vegan\u0103 a acestui balsam \u00eengrije\u0219te pielea din jurul unghiilor \u0219i \u00eenmoaie cuticulele, oferindu-le o textur\u0103 m\u0103t\u0103soas\u0103. Balsamul Shea &amp; Safran hr\u0103ne\u0219te pielea uscat\u0103 p\u00e2n\u0103 la foarte uscat\u0103, oferind hidratare profund\u0103 ce dureaz\u0103 p\u00e2n\u0103 la 96 de ore. \u0218i dac\u0103 asta nu este suficient pentru a te convinge s\u0103-l \u00eencerci, con\u021bine \u0219i unt de shea f\u0103cut manual, pe care \u00eel ob\u021binem din Ghana prin programul nostru Fair Trade cu Comunit\u0103\u021bile. Astfel, ofer\u0103 iubire \u0219i bucurie nu doar \u021bie sau unei persoane dragi, ci \u0219i comunit\u0103\u021bilor nevoia\u0219e.<\/p>\n<p>Pur \u0219i simplu aplic\u0103 o cantitate mic\u0103 dup\u0103 ce te-ai sp\u0103lat pe m\u00e2ini sau ai folosit antiseptic pentru a oferi m\u00e2inilor tale \u00eengrijirea intensiv\u0103 zilnic\u0103 pe care o merit\u0103!<\/p>\n<p>Crema de m\u00e2ini hidratant\u0103 \u0219i bogat\u0103<\/p>\n<p>\u0418\u0434\u0435\u0430\u043b\u0435\u043d \u0434\u043b\u044f \u0441\u0443\u0445\u043e\u0439 \u0438 \u043e\u0447\u0435\u043d\u044c \u0441\u0443\u0445\u043e\u0439 \u043a\u043e\u0436\u0438 \u0440\u0443\u043a<\/p>\n<p>Ofer\u0103 hidratare \u0219i hr\u0103nire profund\u0103 ce dureaz\u0103 p\u00e2n\u0103 la 96 de ore<\/p>\n<p>Cu un miros bogat \u0219i cremos<\/p>","protected":false},"excerpt":{"rendered":"<p><b>SHEA &amp; SAFRON HAND CREAM<\/b><\/p>\n<p>HIDRATARE TIMP DE 96 DE ORE | PIELE USCATA SI FOARTE USCATA<\/p>\n<p>Ambalaj: tub 30 ml<\/p>\n<div class=\"panel panel-default\">\n<div class=\"panel-heading\"><\/div>\n<\/div>\n<p>&nbsp;<\/p>","protected":false},"featured_media":5383,"template":"","meta":[],"product_brand":[187],"product_cat":[255,266,244],"product_tag":[145,214,260],"class_list":{"0":"post-5382","1":"product","2":"type-product","3":"status-publish","4":"has-post-thumbnail","6":"product_brand-the-body-shop","7":"product_cat-ingrijirea-mainilor","8":"product_cat-the-body-shop","9":"product_cat-travel-size","10":"product_tag-corporal","11":"product_tag-shea","12":"product_tag-shea-safron","15":"outofstock","16":"sale","17":"taxable","18":"shipping-taxable","19":"purchasable","20":"product-type-simple","21":"product-grid-view"},"_links":{"self":[{"href":"https:\/\/harmoniq.md\/ru\/wp-json\/wp\/v2\/product\/5382","targetHints":{"allow":["GET"]}}],"collection":[{"href":"https:\/\/harmoniq.md\/ru\/wp-json\/wp\/v2\/product"}],"about":[{"href":"https:\/\/harmoniq.md\/ru\/wp-json\/wp\/v2\/types\/product"}],"version-history":[{"count":2,"href":"https:\/\/harmoniq.md\/ru\/wp-json\/wp\/v2\/product\/5382\/revisions"}],"predecessor-version":[{"id":6303,"href":"https:\/\/harmoniq.md\/ru\/wp-json\/wp\/v2\/product\/5382\/revisions\/6303"}],"wp:featuredmedia":[{"embeddable":true,"href":"https:\/\/harmoniq.md\/ru\/wp-json\/wp\/v2\/media\/5383"}],"wp:attachment":[{"href":"https:\/\/harmoniq.md\/ru\/wp-json\/wp\/v2\/media?parent=5382"}],"wp:term":[{"taxonomy":"product_brand","embeddable":true,"href":"https:\/\/harmoniq.md\/ru\/wp-json\/wp\/v2\/product_brand?post=5382"},{"taxonomy":"product_cat","embeddable":true,"href":"https:\/\/harmoniq.md\/ru\/wp-json\/wp\/v2\/product_cat?post=5382"},{"taxonomy":"product_tag","embeddable":true,"href":"https:\/\/harmoniq.md\/ru\/wp-json\/wp\/v2\/product_tag?post=5382"}],"curies":[{"name":"wp","href":"https:\/\/api.w.org\/{rel}","templated":true}]}}