{"id":5235,"date":"2025-04-13T22:13:30","date_gmt":"2025-04-13T20:13:30","guid":{"rendered":"https:\/\/harmoniq.md\/?post_type=product&#038;p=5235"},"modified":"2025-12-15T16:59:15","modified_gmt":"2025-12-15T14:59:15","slug":"sampon-solid-hranitor-banana-60-g","status":"publish","type":"product","link":"https:\/\/harmoniq.md\/ru\/product\/sampon-solid-hranitor-banana-60-g\/","title":{"rendered":"\u0218ampon solid hr\u0103nitor Banana, 60 g"},"content":{"rendered":"<p>Spune adio p\u0103rului electrizat \u0219i ob\u021bine un p\u0103r mai str\u0103lucitor cu Banana Truly Nourishing Shampoo Bar.<\/p>\n<p>\u0218amponul nostru solid pentru p\u0103rul uscat nu con\u021bine sulfa\u021bi \u0219i este format din 93% ingrediente de origine natural\u0103. Printre altele, con\u021bine pulp\u0103 de banane organice.<\/p>\n<p>Sunte\u021bi curio\u0219i s\u0103 afla\u021bi de ce \u0219ampoanele noastre solide sunt at\u00e2t de speciale? Ele sunt concepute pentru a sigila umiditatea \u0219i a ajuta la hr\u0103nirea \u0219i hidratarea p\u0103rului. P\u0103rul predispus la electrizare devine impecabil f\u0103r\u0103 s\u0103 se rup\u0103.<\/p>\n<p>Pentru a te face s\u0103 le iube\u0219ti \u0219i mai mult, mai avem un lucru pentru tine! \u0218ampoanele noastre solide au fost create \u00eentr-un mod ergonomic, av\u00e2nd o baz\u0103 lat\u0103 pentru o prindere ferm\u0103, precum \u0219i crest\u0103turi suplimentare pentru a face masajul u\u0219or \u0219i eficient. Preg\u0103te\u0219te-te s\u0103 creezi spuma perfect\u0103 pentru o experien\u021b\u0103 de du\u0219 ultrasenzual\u0103, la fel de minunat\u0103 ca cea a \u0219amponului t\u0103u preferat<\/p>\n<p>Am men\u021bionat c\u0103 \u0219amponul solid Banana Truly Nourishing Shampoo Bar are o durat\u0103 de via\u021b\u0103 de p\u00e2n\u0103 la 50 de sp\u0103l\u0103ri? \u0218i asta nu e tot! Te ajut\u0103m s\u0103 reduci de\u0219eurile de ambalaje din plastic. Cutia de \u0219ampon este reciclabil\u0103, iar tu po\u021bi depozita \u0219amponul \u00een cutia suport de c\u0103l\u0103torie pentru \u0219ampon 100% aluminiu Shampoo Bar Travel Case (v\u00e2ndut\u0103 separat) \u0219i cu o tav\u0103 de scurgere.<\/p>\n<ul>\n<li>\u0218ampon solid hr\u0103nitor<\/li>\n<li>Ideal pentru p\u0103rul predispus la electrizare<\/li>\n<li>Complex f\u0103r\u0103 sulfa\u021bi, hidrateaz\u0103 prin etan\u0219area umidit\u0103\u021bii<\/li>\n<li>Rezist\u0103 p\u00e2n\u0103 la 50 de sp\u0103l\u0103ri<\/li>\n<li>\u00cembog\u0103\u021bit cu 93% ingrediente de origine natural\u0103<\/li>\n<li>\u0421\u0435\u0440\u0442\u0438\u0444\u0438\u0446\u0438\u0440\u043e\u0432\u0430\u043d\u043e Vegan Society<\/li>\n<\/ul>\n<p>&nbsp;<\/p>\n<p>&nbsp;<\/p>","protected":false},"excerpt":{"rendered":"<p><b>Banana Truly Nourishing Shampoo Bar<\/b><\/p>\n<p>PENTRU P\u0102RUL CU SENZA\u021aIE DE \u00ceNCRE\u021aIRE \u2022 DUREAZ\u0102 P\u00c2N\u0102 LA 50 DE \u0218AMPON\u0102RI \u2022 ETAN\u0218EAZ\u0102 HIDRATAREA<\/p>\n<p>Ambalaj: 60 g<\/p>\n<div class=\"panel panel-default\">\n<div class=\"panel-heading\"><\/div>\n<\/div>\n<p>&nbsp;<\/p>","protected":false},"featured_media":5236,"template":"","meta":[],"product_brand":[187],"product_cat":[232,266,244],"product_tag":[191,241],"class_list":{"0":"post-5235","1":"product","2":"type-product","3":"status-publish","4":"has-post-thumbnail","6":"product_brand-the-body-shop","7":"product_cat-sampoane","8":"product_cat-the-body-shop","9":"product_cat-travel-size","10":"product_tag-banana","11":"product_tag-par","14":"instock","15":"sale","16":"taxable","17":"shipping-taxable","18":"purchasable","19":"product-type-simple","20":"product-grid-view"},"_links":{"self":[{"href":"https:\/\/harmoniq.md\/ru\/wp-json\/wp\/v2\/product\/5235","targetHints":{"allow":["GET"]}}],"collection":[{"href":"https:\/\/harmoniq.md\/ru\/wp-json\/wp\/v2\/product"}],"about":[{"href":"https:\/\/harmoniq.md\/ru\/wp-json\/wp\/v2\/types\/product"}],"version-history":[{"count":1,"href":"https:\/\/harmoniq.md\/ru\/wp-json\/wp\/v2\/product\/5235\/revisions"}],"predecessor-version":[{"id":5241,"href":"https:\/\/harmoniq.md\/ru\/wp-json\/wp\/v2\/product\/5235\/revisions\/5241"}],"wp:featuredmedia":[{"embeddable":true,"href":"https:\/\/harmoniq.md\/ru\/wp-json\/wp\/v2\/media\/5236"}],"wp:attachment":[{"href":"https:\/\/harmoniq.md\/ru\/wp-json\/wp\/v2\/media?parent=5235"}],"wp:term":[{"taxonomy":"product_brand","embeddable":true,"href":"https:\/\/harmoniq.md\/ru\/wp-json\/wp\/v2\/product_brand?post=5235"},{"taxonomy":"product_cat","embeddable":true,"href":"https:\/\/harmoniq.md\/ru\/wp-json\/wp\/v2\/product_cat?post=5235"},{"taxonomy":"product_tag","embeddable":true,"href":"https:\/\/harmoniq.md\/ru\/wp-json\/wp\/v2\/product_tag?post=5235"}],"curies":[{"name":"wp","href":"https:\/\/api.w.org\/{rel}","templated":true}]}}