{"id":5756,"date":"2025-04-16T21:45:17","date_gmt":"2025-04-16T19:45:17","guid":{"rendered":"https:\/\/harmoniq.md\/?post_type=product&#038;p=5756"},"modified":"2025-12-15T16:42:12","modified_gmt":"2025-12-15T14:42:12","slug":"fond-de-ten-second-skin-tint-medium-1w-30-ml","status":"publish","type":"product","link":"https:\/\/harmoniq.md\/ro\/product\/fond-de-ten-second-skin-tint-medium-1w-30-ml\/","title":{"rendered":"Fond de ten Second Skin Tint Medium 1W, 30 ml"},"content":{"rendered":"<p>Dac\u0103 trebuie s\u0103 alegi doar un singur element de baz\u0103 pentru machiajul t\u0103u, de ce s\u0103 nu-l alegi pe cel care le reune\u0219te pe toate? Arat\u0103-\u021bi cea mai frumoas\u0103 fa\u021b\u0103 cu noul nostru fond de ten versatil Second Skin Tint, disponibil \u00een 6 nuan\u021be superbe pentru toate tipurile \u0219i tonurile de piele. Aceast\u0103 nuan\u021b\u0103 se va sim\u021bi una cu pielea dvs. \u0219i chiar mai bine.<\/p>\n<p>\u00cembog\u0103\u021bit cu unt de shea \u0219i ulei din semin\u021be de moringa, ob\u021binute prin programul nostru Community Fair Trade, acest tint, datorit\u0103 formulei sale u\u0219oare, hidrateaz\u0103 \u0219i protejeaz\u0103 pielea, oferind \u00een acela\u0219i timp o acoperire u\u0219oar\u0103 \u0219i cu aspect natural. Este un produs ideal \u00eentr-un singur pas, pe care \u00eel pute\u021bi folosi de unul singur ca produs de baz\u0103 pentru machiajul de zi cu zi, dar poate fi \u0219i un pas pentru a v\u0103 preg\u0103ti pielea \u00eenainte de fondul de ten pentru machiaj, atunci c\u00e2nd ave\u021bi nevoie de o acoperire ceva mai intens\u0103 pentru baza de machiaj.<\/p>\n<p>Combin\u00e2nd \u00een mod minunat \u00eengrijirea pielii \u0219i machiajul, Second Skin nu se va sim\u021bi niciodat\u0103 greu pe piele, deoarece se \u00eentinde u\u0219or \u0219i uniform, oferindu-v\u0103 un finisaj impecabil \u0219i str\u0103lucitor, ajut\u00e2ndu-v\u0103 s\u0103 ob\u021bine\u021bi la final un finisaj subtil \u0219i complet natural. look &#8222;no-makeup&#8221;.<\/p>\n<p>La The Body Shop am adoptat o cultur\u0103 incluziv\u0103. Din acest motiv, am testat Second Skin Tint pe o scar\u0103 diferen\u021biat\u0103 de 6 tonuri diferite de piele, folosind scala Fitzpatrick. Testul a fost e\u0219antionat pe 207 persoane de sexe, v\u00e2rste \u0219i tonuri \u0219i tipuri de piele diferite, pentru a ne asigura c\u0103 produsul nostru este eficient pentru toat\u0103 lumea.<\/p>\n<p>La The Body Shop ne str\u0103duim s\u0103 fim o afacere c\u00e2t mai sustenabil\u0103 posibil, principala noastr\u0103 preocupare fiind s\u0103 avem o amprent\u0103 c\u00e2t mai mic\u0103 asupra mediului. Din acest motiv, am re\u00eennoit \u0219i ambalajul, iar Second Skin Tint este acum prezentat \u00eentr-un ambalaj complet reciclabil*, inclusiv un tub din aluminiu, care este fabricat din aluminiu 95% PCR \u0219i are un capac din plastic reciclabil*.<\/p>\n<p>Aceast\u0103 trecere la ambalaje reciclabile \u00eenseamn\u0103 c\u0103 ambalajul se poate \u00eendoi uneori cu u\u0219urin\u021b\u0103 dac\u0103 este \u00eempins mai tare, dar consider\u0103m c\u0103 acesta este un pre\u021b mic \u0219i nesemnificativ de pl\u0103tit \u00een fa\u021ba protej\u0103rii planetei noastre.<\/p>\n<p>*Dac\u0103 exist\u0103 o infrastructur\u0103 local\u0103 de reciclare.<\/p>\n<ul>\n<li>Neteze\u0219te \u0219i confer\u0103 un aspect \u0219i un tonus uniform pielii<\/li>\n<li>Rezistent la transpira\u021bie \u0219i umiditate<\/li>\n<li>Nu se transmite prin alimente<\/li>\n<li>Cu 98% ingrediente de origine natural\u0103<\/li>\n<li>Vegan<\/li>\n<li>Certificat\u0103 de c\u0103tre The Vegan Society<\/li>\n<li>Potrivit pentru toate tipurile de piele, inclusiv pentru pielea sensibil\u0103<\/li>\n<li>Produs testat dermatologic<\/li>\n<\/ul>\n<p>Ambalaj 100% reciclabil, format dintr-un tub din aluminiu, care este fabricat din aluminiu 95% PCR \u0219i are un capac din plastic reciclabil*.<\/p>\n","protected":false},"excerpt":{"rendered":"<p><b>Second Skin Tint<\/b><\/p>\n<p>HIDRATARE TIMP DE 24 DE ORE \u2022 RE\u00ceMPROSP\u0102TEAZ\u0102 ASPECTUL DE ACOPERIRE A PIELII \u2022 CU EFECT U\u0218OR, NATURAL<\/p>\n<p>Ambalaj: 30 ml<\/p>\n","protected":false},"featured_media":5757,"template":"","meta":[],"product_brand":[187],"product_cat":[135,128,266],"product_tag":[144,247],"class_list":{"0":"post-5756","1":"product","2":"type-product","3":"status-publish","4":"has-post-thumbnail","6":"product_brand-the-body-shop","7":"product_cat-fond-de-ten","8":"product_cat-machiaj-pentru-fata","9":"product_cat-the-body-shop","10":"product_tag-facial","11":"product_tag-second-skin-tint","14":"instock","15":"sale","16":"taxable","17":"shipping-taxable","18":"purchasable","19":"product-type-simple","20":"product-grid-view"},"_links":{"self":[{"href":"https:\/\/harmoniq.md\/ro\/wp-json\/wp\/v2\/product\/5756","targetHints":{"allow":["GET"]}}],"collection":[{"href":"https:\/\/harmoniq.md\/ro\/wp-json\/wp\/v2\/product"}],"about":[{"href":"https:\/\/harmoniq.md\/ro\/wp-json\/wp\/v2\/types\/product"}],"version-history":[{"count":1,"href":"https:\/\/harmoniq.md\/ro\/wp-json\/wp\/v2\/product\/5756\/revisions"}],"predecessor-version":[{"id":5758,"href":"https:\/\/harmoniq.md\/ro\/wp-json\/wp\/v2\/product\/5756\/revisions\/5758"}],"wp:featuredmedia":[{"embeddable":true,"href":"https:\/\/harmoniq.md\/ro\/wp-json\/wp\/v2\/media\/5757"}],"wp:attachment":[{"href":"https:\/\/harmoniq.md\/ro\/wp-json\/wp\/v2\/media?parent=5756"}],"wp:term":[{"taxonomy":"product_brand","embeddable":true,"href":"https:\/\/harmoniq.md\/ro\/wp-json\/wp\/v2\/product_brand?post=5756"},{"taxonomy":"product_cat","embeddable":true,"href":"https:\/\/harmoniq.md\/ro\/wp-json\/wp\/v2\/product_cat?post=5756"},{"taxonomy":"product_tag","embeddable":true,"href":"https:\/\/harmoniq.md\/ro\/wp-json\/wp\/v2\/product_tag?post=5756"}],"curies":[{"name":"wp","href":"https:\/\/api.w.org\/{rel}","templated":true}]}}