{"id":5744,"date":"2025-04-16T21:35:29","date_gmt":"2025-04-16T19:35:29","guid":{"rendered":"https:\/\/harmoniq.md\/?post_type=product&#038;p=5744"},"modified":"2025-12-15T16:42:33","modified_gmt":"2025-12-15T14:42:33","slug":"pomada-pentru-sprancene-frame-it-brown-4-g","status":"publish","type":"product","link":"https:\/\/harmoniq.md\/ro\/product\/pomada-pentru-sprancene-frame-it-brown-4-g\/","title":{"rendered":"Pomad\u0103 pentru spr\u00e2ncene Frame It, brown, 4 g"},"content":{"rendered":"<p>Pentru ca toata lumea iubeste un produs multifunctional. Pigmentii nostri hidratanti adauga un strop rapid de culoare buzelor si obrajilor tai intr-o sticla reciclabila* prietenoasa cu calatoriile.<\/p>\n<p>Face\u021bi cuno\u0219tin\u021b\u0103 cu Frame It Brow Pomade, pentru spr\u00e2ncene mai groase, conturate \u0219i u\u0219or colorate dintr-o singur\u0103 mi\u0219care.<\/p>\n<p>Pentru rezultate naturale sau mai intense, ob\u021bine\u021bi spr\u00e2ncenele de vis cu noua noastr\u0103 Frame It Brow Pomade, disponibil\u0103 \u00een patru nuan\u021be. \u00ce\u021bi po\u021bi colora, \u00eengro\u0219a \u0219i aranja spr\u00e2ncenele datorit\u0103 formulei sale versatile \u0219i de lung\u0103 durat\u0103, f\u0103r\u0103 a avea un efect de cakey.<\/p>\n<p>Cu ulei de nuc\u0103 de cocos virgin organic, ob\u021binut prin programul nostru Fair Trade with Samoan Communities, Frame It Brow Pomade \u00eengroa\u0219\u0103 aspectul spr\u00e2ncenelor, dar ofer\u0103 o form\u0103 frumoas\u0103 \u0219i un efect natural.<\/p>\n<p>Este suficient s\u0103 v\u0103 peria\u021bi spr\u00e2ncenele cu peria special\u0103, iar formula u\u0219oar\u0103, cremoas\u0103 \u0219i non-aderent\u0103 a Frame It Brow Pomade va oferi un finisaj neted \u0219i impecabil.<\/p>\n<p>La The Body Shop ne str\u0103duim \u00eentotdeauna s\u0103 fim c\u00e2t mai incluzivi. \u00cen acest scop, am testat Frame It Brow Pomade pe o gam\u0103 variat\u0103 de 6 tonuri diferite de piele, folosind scala Fitzpatrick. Testul a fost e\u0219antionat pe 212 persoane de sexe diferite, de v\u00e2rste diferite \u0219i cu diferite tonuri \u0219i tipuri de piele, pentru a ne asigura c\u0103 produsul nostru este eficient pentru toat\u0103 lumea.<\/p>\n<p>Bine\u00een\u021beles, Frame It Brow Pomade are \u0219i un nou aspect: acum este disponibil\u0103 \u00een ambalaj din sticl\u0103 reciclabil\u0103*, cu capac din aluminiu \u0219i periu\u021b\u0103 pentru mascara.<\/p>\n<p>* Acolo unde sunt disponibile facilit\u0103\u021bi locale de reciclare. V\u0103 rug\u0103m s\u0103 \u00eendep\u0103rta\u021bi eticheta \u00eenainte de reciclare. Capacul periei nu este reciclabil din cauza amestecului de materiale.<\/p>\n<ul>\n<li>Cu o formul\u0103 u\u0219oar\u0103 \u0219i cremoas\u0103, confer\u0103 densitate spr\u00e2ncenelor dvs.<\/li>\n<li>Rezistent la transpira\u021bie \u0219i umiditate, de lung\u0103 durat\u0103<\/li>\n<li>\u00cembog\u0103\u021bit cu ulei de cocos virgin, organic, provenit din Samoa prin programul nostru Fair Trade with Communities (Comer\u021b echitabil cu comunit\u0103\u021bi)<\/li>\n<li>Cu 95% ingrediente de provenien\u021b\u0103 natural\u0103<\/li>\n<li>Vegan<\/li>\n<li>Certificat\u0103 de The Vegan Society<\/li>\n<li>Potrivit pentru pielea sensibil\u0103<\/li>\n<li>Ambalaj realizat din sticl\u0103 reciclat\u0103*. Capac-pensula nereciclabil.<\/li>\n<\/ul>\n","protected":false},"excerpt":{"rendered":"<p><b>Frame It Brow Pomade<\/b><\/p>\n<p>REZISTENT LA TRANSPIRA\u021aIE \u0218I UMIDITATE \u2022 PENTRU VOLUM \u0218I DENSITATE DE LUNG\u0102 DURAT\u0102<\/p>\n<p>Ambalaj: 4 g<\/p>\n","protected":false},"featured_media":5745,"template":"","meta":[],"product_brand":[187],"product_cat":[127,138,266],"product_tag":[144,249],"class_list":{"0":"post-5744","1":"product","2":"type-product","3":"status-publish","4":"has-post-thumbnail","6":"product_brand-the-body-shop","7":"product_cat-machiaj-pentru-ochi","8":"product_cat-sprancene","9":"product_cat-the-body-shop","10":"product_tag-facial","11":"product_tag-frame-it","14":"instock","15":"sale","16":"taxable","17":"shipping-taxable","18":"purchasable","19":"product-type-simple","20":"product-grid-view"},"_links":{"self":[{"href":"https:\/\/harmoniq.md\/ro\/wp-json\/wp\/v2\/product\/5744","targetHints":{"allow":["GET"]}}],"collection":[{"href":"https:\/\/harmoniq.md\/ro\/wp-json\/wp\/v2\/product"}],"about":[{"href":"https:\/\/harmoniq.md\/ro\/wp-json\/wp\/v2\/types\/product"}],"version-history":[{"count":1,"href":"https:\/\/harmoniq.md\/ro\/wp-json\/wp\/v2\/product\/5744\/revisions"}],"predecessor-version":[{"id":5746,"href":"https:\/\/harmoniq.md\/ro\/wp-json\/wp\/v2\/product\/5744\/revisions\/5746"}],"wp:featuredmedia":[{"embeddable":true,"href":"https:\/\/harmoniq.md\/ro\/wp-json\/wp\/v2\/media\/5745"}],"wp:attachment":[{"href":"https:\/\/harmoniq.md\/ro\/wp-json\/wp\/v2\/media?parent=5744"}],"wp:term":[{"taxonomy":"product_brand","embeddable":true,"href":"https:\/\/harmoniq.md\/ro\/wp-json\/wp\/v2\/product_brand?post=5744"},{"taxonomy":"product_cat","embeddable":true,"href":"https:\/\/harmoniq.md\/ro\/wp-json\/wp\/v2\/product_cat?post=5744"},{"taxonomy":"product_tag","embeddable":true,"href":"https:\/\/harmoniq.md\/ro\/wp-json\/wp\/v2\/product_tag?post=5744"}],"curies":[{"name":"wp","href":"https:\/\/api.w.org\/{rel}","templated":true}]}}