{"id":5333,"date":"2025-04-13T23:03:08","date_gmt":"2025-04-13T21:03:08","guid":{"rendered":"https:\/\/harmoniq.md\/?post_type=product&#038;p=5333"},"modified":"2025-12-15T16:56:57","modified_gmt":"2025-12-15T14:56:57","slug":"masca-intens-hranitoare-pentru-par-shea-butter-50-ml","status":"publish","type":"product","link":"https:\/\/harmoniq.md\/ro\/product\/masca-intens-hranitoare-pentru-par-shea-butter-50-ml\/","title":{"rendered":"Masc\u0103 intens hr\u0103nitoare pentru p\u0103r Shea Butter, 50 ml"},"content":{"rendered":"<p>Masca noastra cu unt de shea intens hranitor este imbogatita cu unt de shea prelucrat manual de femeile care au folosit\u00a0<u>untul de shea<\/u>\u00a0de generatii intregi pentru a-si hrani intens parul uscat. Ai grija de parul care se rupe cu acest complex din cele mai fine ingrediente de pe tot globul. Foloseste-o saptamanal pentru parul uscat, predispus la deteriorare, pentru a dezvalui un par ce arata mai sanatos si se simte intens hidratat.<\/p>\n<ul>\n<li>Pentru par uscat, predispus la deteriorare<\/li>\n<li>Lasa parul sa se simta intens hranit si hidratat<\/li>\n<li>Parul arata mai sanatos si mai putin incretit<\/li>\n<li>Reduce ruperea firului de par<\/li>\n<li>Parfum de nuci si textura bogata, cremoasa<\/li>\n<li>Imbogatita cu\u00a0<u>unt de shea<\/u>\u00a0din Ghana, ulei organic virgin din nuca de cocos din Samoa si ulei organic de masline din Italia prin programul Community Trade<\/li>\n<li>100% vegan<\/li>\n<\/ul>\n","protected":false},"excerpt":{"rendered":"<p><b>Shea Intense Repair Hair Mask<\/b><\/p>\n<p>PENTRU P\u0102RUL USCAT, FOARTE USCAT \u0218I FRAGIL \u2022 HIDRATARE INTENSIV\u0102 \u0218I REPARARE<\/p>\n<p>Ambalaj: 50 ml<\/p>\n<div class=\"panel panel-default\">\n<div class=\"panel-heading\"><\/div>\n<\/div>\n<p>&nbsp;<\/p>\n","protected":false},"featured_media":5334,"template":"","meta":[],"product_brand":[187],"product_cat":[234,266,244],"product_tag":[241,214],"class_list":{"0":"post-5333","1":"product","2":"type-product","3":"status-publish","4":"has-post-thumbnail","6":"product_brand-the-body-shop","7":"product_cat-masti-pentru-par","8":"product_cat-the-body-shop","9":"product_cat-travel-size","10":"product_tag-par","11":"product_tag-shea","14":"instock","15":"sale","16":"taxable","17":"shipping-taxable","18":"purchasable","19":"product-type-simple","20":"product-grid-view"},"_links":{"self":[{"href":"https:\/\/harmoniq.md\/ro\/wp-json\/wp\/v2\/product\/5333","targetHints":{"allow":["GET"]}}],"collection":[{"href":"https:\/\/harmoniq.md\/ro\/wp-json\/wp\/v2\/product"}],"about":[{"href":"https:\/\/harmoniq.md\/ro\/wp-json\/wp\/v2\/types\/product"}],"version-history":[{"count":1,"href":"https:\/\/harmoniq.md\/ro\/wp-json\/wp\/v2\/product\/5333\/revisions"}],"predecessor-version":[{"id":5340,"href":"https:\/\/harmoniq.md\/ro\/wp-json\/wp\/v2\/product\/5333\/revisions\/5340"}],"wp:featuredmedia":[{"embeddable":true,"href":"https:\/\/harmoniq.md\/ro\/wp-json\/wp\/v2\/media\/5334"}],"wp:attachment":[{"href":"https:\/\/harmoniq.md\/ro\/wp-json\/wp\/v2\/media?parent=5333"}],"wp:term":[{"taxonomy":"product_brand","embeddable":true,"href":"https:\/\/harmoniq.md\/ro\/wp-json\/wp\/v2\/product_brand?post=5333"},{"taxonomy":"product_cat","embeddable":true,"href":"https:\/\/harmoniq.md\/ro\/wp-json\/wp\/v2\/product_cat?post=5333"},{"taxonomy":"product_tag","embeddable":true,"href":"https:\/\/harmoniq.md\/ro\/wp-json\/wp\/v2\/product_tag?post=5333"}],"curies":[{"name":"wp","href":"https:\/\/api.w.org\/{rel}","templated":true}]}}