{"id":5310,"date":"2025-04-13T22:52:32","date_gmt":"2025-04-13T20:52:32","guid":{"rendered":"https:\/\/harmoniq.md\/?post_type=product&#038;p=5310"},"modified":"2025-12-15T16:57:32","modified_gmt":"2025-12-15T14:57:32","slug":"masca-hranitoare-pentru-par-banana-240-ml","status":"publish","type":"product","link":"https:\/\/harmoniq.md\/ro\/product\/masca-hranitoare-pentru-par-banana-240-ml\/","title":{"rendered":"Masc\u0103 hr\u0103nitoare pentru p\u0103r Banana, 240 ml"},"content":{"rendered":"<p>Dac\u0103 ai p\u0103rul normal p\u00e2n\u0103 la uscat sau cre\u021b \u0219i visezi s\u0103 \u00eel vezi mai moale \u0219i mai neted, re\u00eennoit \u0219i mai eficient ca niciodat\u0103, masca noastr\u0103 de p\u0103r hidratant\u0103 Banana \u00eei va oferi p\u0103rului t\u0103u \u00eengrijirea intens\u0103 de care are nevoie.<\/p>\n<p>Masca de p\u0103r cu adev\u0103rat hr\u0103nitoare Banana este acum certificat\u0103 de The Vegan Society \u0219i con\u021bine 96% ingrediente de origine natural\u0103. Formula sa hidratant\u0103 bogat\u0103 este \u00eembog\u0103\u021bit\u0103 cu proteine de m\u0103tase vegan\u0103 \u0219i o serie de ingrediente naturale uimitoare de hidratare, inclusiv pulp\u0103 de banane organice reale \u0219i unt de cacao. Nu numai at\u00e2t, deoarece este \u00eembog\u0103\u021bit\u0103 \u0219i cu unt de shea f\u0103cut manual din Ghana \u0219i ulei de nuc\u0103 de Brazilia din Peru, ingrediente hidratante unice ob\u021binute prin programul nostru Fair Trade with Communities. Las\u0103 c\u0103 prezint\u0103 un incredibil parfum fructat! Aceast\u0103 masc\u0103 de p\u0103r combate eficient \u00eencre\u021birea. Cu o utilizare regulat\u0103, p\u0103rul t\u0103u uscat va fi \u00een cur\u00e2nd vizibil mai neted, mai pu\u021bin cre\u021b \u0219i vizibil mai moale, mai s\u0103n\u0103tos \u0219i hidratat corespunz\u0103tor, dar f\u0103r\u0103 s\u0103 se simt\u0103 greu \u0219i f\u0103r\u0103 s\u0103 fie lipsit de mi\u0219care \u0219i vitalitate.*.<\/p>\n<p>Aplica\u021bi o cantitate generoas\u0103 la fiecare utilizare \u0219i folosi\u021bi masca o dat\u0103 pe s\u0103pt\u0103m\u00e2n\u0103, ca parte a rutinei de \u00eengrijire a p\u0103rului Banana, care const\u0103 \u00een produse specializate menite s\u0103 restabileasc\u0103 aspectul \u0219i senza\u021bia de s\u0103n\u0103tate a p\u0103rului \u00een 3 pa\u0219i. O rutin\u0103 complet\u0103 de \u00eengrijire a p\u0103rului pentru un p\u0103r moale, neted \u0219i mai s\u0103n\u0103tos, care promoveaz\u0103 repararea p\u0103rului din interior \u0219i las\u0103 p\u0103rul vizibil hidratat de la r\u0103d\u0103cin\u0103 p\u00e2n\u0103 la v\u00e2rfuri*.<\/p>\n<p>Masca de p\u0103r Banana Truly Nourishing Hair Mask vine \u00eentr-un recipient din plastic 100% reciclat, alc\u0103tuit \u00een parte din plastic reciclat recuperat de pe str\u0103zile din Bengaluru, India, pe care \u00eel procur\u0103m ca parte a programului nostru Fair Trade with Communities. A\u0219adar, de fiecare dat\u0103 c\u00e2nd o alegi pentru a oferi hidratare \u0219i hr\u0103nire p\u0103rului t\u0103u, \u00ee\u021bi ar\u0103\u021bi, de asemenea, dragostea pentru planet\u0103.**<\/p>\n<p>*Rezultatele optime se ob\u021bin prin combinarea tuturor produselor din gama de \u00eengrijire a p\u0103rului Banana: \u0219ampon, crem\u0103 de p\u0103r \u0219i masc\u0103 de p\u0103r. Rezultate vizibile: repar\u0103 \u0219i restabile\u0219te aspectul \u0219i senza\u021bia de s\u0103n\u0103tate a p\u0103rului.<\/p>\n<p>**Cu excep\u021bia capacului, care nu este fabricat din plastic reciclat.<\/p>\n<p>Cite\u0219te ghidul nostru de \u00eengrijire a p\u0103rului pentru a g\u0103si produsele de \u00eengrijire a p\u0103rului perfecte pentru tine.<\/p>\n<ul>\n<li>Masc\u0103 de p\u0103r pentru hidratare profund\u0103 \u0219i hr\u0103nire<\/li>\n<li>Ideal\u0103 pentru p\u0103rul normal p\u00e2n\u0103 la uscat sau uscat care se \u00eencre\u021be\u0219te<\/li>\n<li>Las\u0103 p\u0103rul vizibil hidratat de la r\u0103d\u0103cin\u0103 p\u00e2n\u0103 la v\u00e2rfuri*<\/li>\n<li>Las\u0103 p\u0103rul vizibil mai neted \u0219i reduce \u00eencre\u021birea*<\/li>\n<li>Parfum unic \u0219i delicios de fructe<\/li>\n<li>Cu 96% ingrediente naturale<\/li>\n<li>Vegan<\/li>\n<li>Certificat\u0103 de c\u0103tre The Vegan Society<\/li>\n<\/ul>\n","protected":false},"excerpt":{"rendered":"<p><b>Banana Truly Nourishing Hair Mask<\/b><\/p>\n<p>HIDRATARE PROFUND\u0102 \u0218I HR\u0102NIRE PENTRU P\u0102RUL NORMAL P\u00c2N\u0102 LA USCAT \u2022 HIDRATARE \u0218I HR\u0102NIRE \u2022 100% VEGAN\u0102<\/p>\n<p>Ambalaj: 240 ml<\/p>\n<div class=\"panel panel-default\">\n<div class=\"panel-heading\"><\/div>\n<\/div>\n<p>&nbsp;<\/p>\n","protected":false},"featured_media":5311,"template":"","meta":[],"product_brand":[187],"product_cat":[234,266],"product_tag":[191,241],"class_list":{"0":"post-5310","1":"product","2":"type-product","3":"status-publish","4":"has-post-thumbnail","6":"product_brand-the-body-shop","7":"product_cat-masti-pentru-par","8":"product_cat-the-body-shop","9":"product_tag-banana","10":"product_tag-par","13":"instock","14":"sale","15":"taxable","16":"shipping-taxable","17":"purchasable","18":"product-type-simple","19":"product-grid-view"},"_links":{"self":[{"href":"https:\/\/harmoniq.md\/ro\/wp-json\/wp\/v2\/product\/5310","targetHints":{"allow":["GET"]}}],"collection":[{"href":"https:\/\/harmoniq.md\/ro\/wp-json\/wp\/v2\/product"}],"about":[{"href":"https:\/\/harmoniq.md\/ro\/wp-json\/wp\/v2\/types\/product"}],"version-history":[{"count":1,"href":"https:\/\/harmoniq.md\/ro\/wp-json\/wp\/v2\/product\/5310\/revisions"}],"predecessor-version":[{"id":5316,"href":"https:\/\/harmoniq.md\/ro\/wp-json\/wp\/v2\/product\/5310\/revisions\/5316"}],"wp:featuredmedia":[{"embeddable":true,"href":"https:\/\/harmoniq.md\/ro\/wp-json\/wp\/v2\/media\/5311"}],"wp:attachment":[{"href":"https:\/\/harmoniq.md\/ro\/wp-json\/wp\/v2\/media?parent=5310"}],"wp:term":[{"taxonomy":"product_brand","embeddable":true,"href":"https:\/\/harmoniq.md\/ro\/wp-json\/wp\/v2\/product_brand?post=5310"},{"taxonomy":"product_cat","embeddable":true,"href":"https:\/\/harmoniq.md\/ro\/wp-json\/wp\/v2\/product_cat?post=5310"},{"taxonomy":"product_tag","embeddable":true,"href":"https:\/\/harmoniq.md\/ro\/wp-json\/wp\/v2\/product_tag?post=5310"}],"curies":[{"name":"wp","href":"https:\/\/api.w.org\/{rel}","templated":true}]}}