{"id":5249,"date":"2025-04-13T22:22:11","date_gmt":"2025-04-13T20:22:11","guid":{"rendered":"https:\/\/harmoniq.md\/?post_type=product&#038;p=5249"},"modified":"2025-12-15T16:58:26","modified_gmt":"2025-12-15T14:58:26","slug":"sampon-solid-hidratant-intens-reparator-shea-60-g","status":"publish","type":"product","link":"https:\/\/harmoniq.md\/ro\/product\/sampon-solid-hidratant-intens-reparator-shea-60-g\/","title":{"rendered":"\u0218ampon solid hidratant intens reparator Shea, 60 g"},"content":{"rendered":"<p>Oferi\u021bi p\u0103rului uscat, deteriorat \u0219i predispus la rupere \u00eengrijirea pe care o merit\u0103 cu Shea Moisture Restore Shampoo Bar.<\/p>\n<p>\u0218amponul nostru solid pentru p\u0103rul uscat nu con\u021bine sulfa\u021bi \u0219i este format din 93% ingrediente de origine natural\u0103. Printre altele, con\u021bine untul nostru iconic de shea f\u0103cut manual din Ghana, pe care \u00eel procur\u0103m prin programul nostru Community Fair Trade.<\/p>\n<p>Sunte\u021bi curio\u0219i s\u0103 afla\u021bi de ce \u0219ampoanele noastre solide sunt at\u00e2t de speciale? Ele sunt concepute \u00een a\u0219a fel \u00eenc\u00e2t s\u0103 sigileze umiditatea \u0219i s\u0103 ajute la hidratarea p\u0103rului, f\u0103r\u0103 a se rupe. Spuma lor cremoas\u0103 r\u0103sfa\u021b\u0103 p\u0103rul uscat, oferindu-v\u0103 o minunat\u0103 arom\u0103 de fructe, precum \u0219i o senza\u021bie de hr\u0103nire \u0219i hidratare.<\/p>\n<p>Pentru a te face s\u0103 le iube\u0219ti \u0219i mai mult, mai avem un lucru pentru tine! \u0218ampoanele noastre solide au fost create \u00eentr-un mod ergonomic, dispun\u00e2nd de o baz\u0103 larg\u0103 pentru o prindere ferm\u0103, precum \u0219i de crest\u0103turi suplimentare pentru a v\u0103 face masajul u\u0219or \u0219i eficient. Preg\u0103te\u0219te-te s\u0103 creezi spuma perfect\u0103 pentru o experien\u021b\u0103 de du\u0219 ultrasenzual\u0103, la fel de minunat\u0103 ca cea a \u0219amponului t\u0103u preferat.<\/p>\n<p>Am men\u021bionat c\u0103 Shea Moisture Restore Shampoo Bar p\u00e2n\u0103 la 50 de sp\u0103l\u0103ri? \u0218i asta nu e tot! Te ajut\u0103m s\u0103 reduci de\u0219eurile de ambalaje din plastic. Cutia de \u0219ampon este reciclabil\u0103, iar tu po\u021bi depozita \u0219amponul t\u0103u bar\u0103 de \u0219ampon \u00eentr-o trus\u0103 de c\u0103l\u0103torie, \u00een trusa de c\u0103l\u0103torie 100% aluminiu Shampoo Bar Travel Case (v\u00e2ndut\u0103 separat) \u0219i cu o tav\u0103 de scurgere.<\/p>\n<ul>\n<li>\u0218ampon solid<\/li>\n<li>Ideal pentru p\u0103rul uscat \u0219i foarte uscat<\/li>\n<li>Complex f\u0103r\u0103 sulfa\u021bi, hidrateaz\u0103 prin etan\u0219area umidit\u0103\u021bii<\/li>\n<li>\u00cent\u0103re\u0219te p\u0103rul predispus la rupere<\/li>\n<li>Rezist\u0103 p\u00e2n\u0103 la 50 de sp\u0103l\u0103ri<\/li>\n<li>\u00cembog\u0103\u021bit cu 93% ingrediente de origine natural\u0103<\/li>\n<li>Certificat\u0103 de The Vegan Society<\/li>\n<\/ul>\n<p>&nbsp;<\/p>\n<p>&nbsp;<\/p>\n","protected":false},"excerpt":{"rendered":"<p><b>Shea Moisture Restore Shampoo Bar<\/b><\/p>\n<p>PENTRU P\u0102RUL FOARTE USCAT \u2022 DUREAZ\u0102 P\u00c2N\u0102 LA 50 DE \u0218AMPON\u0102RI \u2022 ETAN\u0218EAZ\u0102 HIDRATAREA<\/p>\n<p>Ambalaj: 60 g<\/p>\n<div class=\"panel panel-default\">\n<div class=\"panel-heading\"><\/div>\n<\/div>\n<p>&nbsp;<\/p>\n","protected":false},"featured_media":5251,"template":"","meta":[],"product_brand":[187],"product_cat":[232,266,244],"product_tag":[241,214],"class_list":{"0":"post-5249","1":"product","2":"type-product","3":"status-publish","4":"has-post-thumbnail","6":"product_brand-the-body-shop","7":"product_cat-sampoane","8":"product_cat-the-body-shop","9":"product_cat-travel-size","10":"product_tag-par","11":"product_tag-shea","14":"instock","15":"sale","16":"taxable","17":"shipping-taxable","18":"purchasable","19":"product-type-simple","20":"product-grid-view"},"_links":{"self":[{"href":"https:\/\/harmoniq.md\/ro\/wp-json\/wp\/v2\/product\/5249","targetHints":{"allow":["GET"]}}],"collection":[{"href":"https:\/\/harmoniq.md\/ro\/wp-json\/wp\/v2\/product"}],"about":[{"href":"https:\/\/harmoniq.md\/ro\/wp-json\/wp\/v2\/types\/product"}],"version-history":[{"count":1,"href":"https:\/\/harmoniq.md\/ro\/wp-json\/wp\/v2\/product\/5249\/revisions"}],"predecessor-version":[{"id":5253,"href":"https:\/\/harmoniq.md\/ro\/wp-json\/wp\/v2\/product\/5249\/revisions\/5253"}],"wp:featuredmedia":[{"embeddable":true,"href":"https:\/\/harmoniq.md\/ro\/wp-json\/wp\/v2\/media\/5251"}],"wp:attachment":[{"href":"https:\/\/harmoniq.md\/ro\/wp-json\/wp\/v2\/media?parent=5249"}],"wp:term":[{"taxonomy":"product_brand","embeddable":true,"href":"https:\/\/harmoniq.md\/ro\/wp-json\/wp\/v2\/product_brand?post=5249"},{"taxonomy":"product_cat","embeddable":true,"href":"https:\/\/harmoniq.md\/ro\/wp-json\/wp\/v2\/product_cat?post=5249"},{"taxonomy":"product_tag","embeddable":true,"href":"https:\/\/harmoniq.md\/ro\/wp-json\/wp\/v2\/product_tag?post=5249"}],"curies":[{"name":"wp","href":"https:\/\/api.w.org\/{rel}","templated":true}]}}