{"id":5057,"date":"2025-03-04T00:05:02","date_gmt":"2025-03-03T22:05:02","guid":{"rendered":"https:\/\/harmoniq.md\/?post_type=product&#038;p=5057"},"modified":"2026-01-09T17:17:25","modified_gmt":"2026-01-09T15:17:25","slug":"scrub-de-corp-organic-si-vegan-bio-netezeste-exfoliaza-reinnoieste-si-purifica-pielea","status":"publish","type":"product","link":"https:\/\/harmoniq.md\/ro\/product\/scrub-de-corp-organic-si-vegan-bio-netezeste-exfoliaza-reinnoieste-si-purifica-pielea\/","title":{"rendered":"Scrub de Corp Organic \u0219i Vegan BIO+, Neteze\u0219te, Exfoliaz\u0103, Re\u00eennoie\u0219te \u0219i Purific\u0103 Pielea"},"content":{"rendered":"<p>Un\u00a0<strong>scrub de corp organic \u0219i vegan<\/strong>\u00a0certificat Cosmos, care\u00a0<strong>neteze\u0219te, exfoliaz\u0103, re\u00eennoie\u0219te \u0219i purific\u0103 pielea corpulu<\/strong>i. Las\u0103 pielea luminoas\u0103, proasp\u0103t\u0103 \u0219i lipsit\u0103 de impurit\u0103\u021bi.<\/p>\n","protected":false},"excerpt":{"rendered":"<div class=\"product-short-description\">\n<p><strong>Scrub de corp certificat organic<\/strong><\/p>\n<p>Ambalaj: Tub de 200 ml<\/p>\n<\/div>\n","protected":false},"featured_media":5060,"template":"","meta":[],"product_brand":[],"product_cat":[117,123,96,118,119,120],"product_tag":[107,145],"class_list":{"0":"post-5057","1":"product","2":"type-product","3":"status-publish","4":"has-post-thumbnail","6":"product_cat-hidratare-si-hranire","7":"product_cat-organice-si-vegane","8":"product_cat-scruburi-exfoliante","9":"product_cat-stare-de-bine","10":"product_cat-tonifiere-remodelare","11":"product_cat-zone-specifice","12":"product_tag-bio","13":"product_tag-corporal","16":"instock","17":"sale","18":"taxable","19":"shipping-taxable","20":"purchasable","21":"product-type-simple","22":"product-grid-view"},"_links":{"self":[{"href":"https:\/\/harmoniq.md\/ro\/wp-json\/wp\/v2\/product\/5057","targetHints":{"allow":["GET"]}}],"collection":[{"href":"https:\/\/harmoniq.md\/ro\/wp-json\/wp\/v2\/product"}],"about":[{"href":"https:\/\/harmoniq.md\/ro\/wp-json\/wp\/v2\/types\/product"}],"version-history":[{"count":2,"href":"https:\/\/harmoniq.md\/ro\/wp-json\/wp\/v2\/product\/5057\/revisions"}],"predecessor-version":[{"id":5066,"href":"https:\/\/harmoniq.md\/ro\/wp-json\/wp\/v2\/product\/5057\/revisions\/5066"}],"wp:featuredmedia":[{"embeddable":true,"href":"https:\/\/harmoniq.md\/ro\/wp-json\/wp\/v2\/media\/5060"}],"wp:attachment":[{"href":"https:\/\/harmoniq.md\/ro\/wp-json\/wp\/v2\/media?parent=5057"}],"wp:term":[{"taxonomy":"product_brand","embeddable":true,"href":"https:\/\/harmoniq.md\/ro\/wp-json\/wp\/v2\/product_brand?post=5057"},{"taxonomy":"product_cat","embeddable":true,"href":"https:\/\/harmoniq.md\/ro\/wp-json\/wp\/v2\/product_cat?post=5057"},{"taxonomy":"product_tag","embeddable":true,"href":"https:\/\/harmoniq.md\/ro\/wp-json\/wp\/v2\/product_tag?post=5057"}],"curies":[{"name":"wp","href":"https:\/\/api.w.org\/{rel}","templated":true}]}}