{"id":4996,"date":"2025-03-03T23:25:47","date_gmt":"2025-03-03T21:25:47","guid":{"rendered":"https:\/\/harmoniq.md\/?post_type=product&#038;p=4996"},"modified":"2025-12-15T17:02:57","modified_gmt":"2025-12-15T15:02:57","slug":"scrub-facial-revitalizant-iluminator-anti-rid-pentru-ten-matur-75-15","status":"publish","type":"product","link":"https:\/\/harmoniq.md\/ro\/product\/scrub-facial-revitalizant-iluminator-anti-rid-pentru-ten-matur-75-15\/","title":{"rendered":"Scrub Facial Revitalizant Iluminator Anti-Rid pentru Ten Matur 75.15"},"content":{"rendered":"<p><strong>Scrub facial special formulat pentru pielea matur\u0103. Exfoliere delicat\u0103 \u0219i \u00eentinerire vizibil\u0103.\u00a0<\/strong>Exfoliaz\u0103 \u0219i purific\u0103 pielea fe\u021bei prin eliminarea celulelor moarte la nivel superficial, facilit\u00e2nd astfel re\u00eennoirea stratului de piele.<\/p>\n<p>Pe baz\u0103 de zah\u0103r integral din trestie, unturi \u0219i uleiuri pre\u021bioase,<strong>\u00a0las\u0103 pielea moale, m\u0103t\u0103soas\u0103 \u0219i regenerat\u0103.\u00a0<\/strong><\/p>\n","protected":false},"excerpt":{"rendered":"<div class=\"product-short-description\">\n<p><strong>Scrub exfoliant purificator anti-aging<\/strong><\/p>\n<p>Ambalaj: Borcan de 75 ml<\/p>\n<\/div>\n","protected":false},"featured_media":4997,"template":"","meta":[],"product_brand":[],"product_cat":[152,96],"product_tag":[104,144],"class_list":{"0":"post-4996","1":"product","2":"type-product","3":"status-publish","4":"has-post-thumbnail","6":"product_cat-anti-aging","7":"product_cat-scruburi-exfoliante","8":"product_tag-75-15","9":"product_tag-facial","12":"instock","13":"sale","14":"taxable","15":"shipping-taxable","16":"purchasable","17":"product-type-simple","18":"product-grid-view"},"_links":{"self":[{"href":"https:\/\/harmoniq.md\/ro\/wp-json\/wp\/v2\/product\/4996","targetHints":{"allow":["GET"]}}],"collection":[{"href":"https:\/\/harmoniq.md\/ro\/wp-json\/wp\/v2\/product"}],"about":[{"href":"https:\/\/harmoniq.md\/ro\/wp-json\/wp\/v2\/types\/product"}],"version-history":[{"count":1,"href":"https:\/\/harmoniq.md\/ro\/wp-json\/wp\/v2\/product\/4996\/revisions"}],"predecessor-version":[{"id":5000,"href":"https:\/\/harmoniq.md\/ro\/wp-json\/wp\/v2\/product\/4996\/revisions\/5000"}],"wp:featuredmedia":[{"embeddable":true,"href":"https:\/\/harmoniq.md\/ro\/wp-json\/wp\/v2\/media\/4997"}],"wp:attachment":[{"href":"https:\/\/harmoniq.md\/ro\/wp-json\/wp\/v2\/media?parent=4996"}],"wp:term":[{"taxonomy":"product_brand","embeddable":true,"href":"https:\/\/harmoniq.md\/ro\/wp-json\/wp\/v2\/product_brand?post=4996"},{"taxonomy":"product_cat","embeddable":true,"href":"https:\/\/harmoniq.md\/ro\/wp-json\/wp\/v2\/product_cat?post=4996"},{"taxonomy":"product_tag","embeddable":true,"href":"https:\/\/harmoniq.md\/ro\/wp-json\/wp\/v2\/product_tag?post=4996"}],"curies":[{"name":"wp","href":"https:\/\/api.w.org\/{rel}","templated":true}]}}