{"id":4942,"date":"2025-03-03T22:45:03","date_gmt":"2025-03-03T20:45:03","guid":{"rendered":"https:\/\/harmoniq.md\/?post_type=product&#038;p=4942"},"modified":"2025-12-15T17:04:45","modified_gmt":"2025-12-15T15:04:45","slug":"tratament-intensiv-exfoliant-20-acid-glicolic-complex-acidic-m-bright-formula","status":"publish","type":"product","link":"https:\/\/harmoniq.md\/ro\/product\/tratament-intensiv-exfoliant-20-acid-glicolic-complex-acidic-m-bright-formula\/","title":{"rendered":"Tratament Intensiv Exfoliant 20% (Acid Glicolic + Complex Acidic M) Bright Formula"},"content":{"rendered":"<p><strong>Tratamentul Intensiv Exfoliant 20% (Acid Glicolic + Complex Acidic M) Bright Formula<\/strong>\u00a0este formulat pentru a exfolia intens \u0219i a re\u00eennoi pielea, reduc\u00e2nd imperfec\u021biunile \u0219i oferindu-i un aspect mai neted \u0219i luminos.<\/p>\n<p>Datorit\u0103 ac\u021biunii celor 70 de discuri impregnate cu active puternice \u0219i acizi, minimizeaz\u0103 imperfec\u021biunile, \u00eembun\u0103t\u0103\u021be\u0219te luminozitatea tenului \u0219i face pielea vizibil mai uniform\u0103.<\/p>\n<p>Ideal pentru cei care caut\u0103 un tratament intensiv \u00eempotriva petelor \u0219i ridurilor.<\/p>\n","protected":false},"excerpt":{"rendered":"<div class=\"product-short-description\">\n<p>Ambalaj: Cutie 150 ml<\/p>\n<\/div>\n","protected":false},"featured_media":4944,"template":"","meta":[],"product_brand":[],"product_cat":[159,94,158],"product_tag":[183,144],"class_list":{"0":"post-4942","1":"product","2":"type-product","3":"status-publish","4":"has-post-thumbnail","6":"product_cat-facial","7":"product_cat-masti-faciale","8":"product_cat-ten-cu-pete","9":"product_tag-brightformula","10":"product_tag-facial","13":"outofstock","14":"sale","15":"taxable","16":"shipping-taxable","17":"purchasable","18":"product-type-simple","19":"product-grid-view"},"_links":{"self":[{"href":"https:\/\/harmoniq.md\/ro\/wp-json\/wp\/v2\/product\/4942","targetHints":{"allow":["GET"]}}],"collection":[{"href":"https:\/\/harmoniq.md\/ro\/wp-json\/wp\/v2\/product"}],"about":[{"href":"https:\/\/harmoniq.md\/ro\/wp-json\/wp\/v2\/types\/product"}],"version-history":[{"count":1,"href":"https:\/\/harmoniq.md\/ro\/wp-json\/wp\/v2\/product\/4942\/revisions"}],"predecessor-version":[{"id":4945,"href":"https:\/\/harmoniq.md\/ro\/wp-json\/wp\/v2\/product\/4942\/revisions\/4945"}],"wp:featuredmedia":[{"embeddable":true,"href":"https:\/\/harmoniq.md\/ro\/wp-json\/wp\/v2\/media\/4944"}],"wp:attachment":[{"href":"https:\/\/harmoniq.md\/ro\/wp-json\/wp\/v2\/media?parent=4942"}],"wp:term":[{"taxonomy":"product_brand","embeddable":true,"href":"https:\/\/harmoniq.md\/ro\/wp-json\/wp\/v2\/product_brand?post=4942"},{"taxonomy":"product_cat","embeddable":true,"href":"https:\/\/harmoniq.md\/ro\/wp-json\/wp\/v2\/product_cat?post=4942"},{"taxonomy":"product_tag","embeddable":true,"href":"https:\/\/harmoniq.md\/ro\/wp-json\/wp\/v2\/product_tag?post=4942"}],"curies":[{"name":"wp","href":"https:\/\/api.w.org\/{rel}","templated":true}]}}