{"id":4124,"date":"2025-01-19T13:25:25","date_gmt":"2025-01-19T11:25:25","guid":{"rendered":"https:\/\/harmoniq.md\/?post_type=product&#038;p=4124"},"modified":"2025-12-15T17:06:30","modified_gmt":"2025-12-15T15:06:30","slug":"fond-de-ten-age-care-n-30","status":"publish","type":"product","link":"https:\/\/harmoniq.md\/ro\/product\/fond-de-ten-age-care-n-30\/","title":{"rendered":"Fond de Ten Age Care N.30"},"content":{"rendered":"<p>Fond de Ten Age Care N.30\u00a0cu texturat\u0103 cremoas\u0103 de mousse, \u00eembog\u0103\u021bit cu Theobroma Cacao din Peru.\u00a0Este fondul de ten ideal pentru tenul matur\u00a0sau pentru cei care caut\u0103 perfec\u021biunea: fa\u021b\u0103 netezit\u0103, culoare uniform\u0103, acoperire construibil\u0103 \u0219i aspect catifelat.<\/p>\n<p>Fond de ten pentru pielea matur\u0103 \u2013 nuan\u021b\u0103 \u00eenchis\u0103.<\/p>\n<p><img fetchpriority=\"high\" decoding=\"async\" class=\"aligncenter size-full wp-image-2666\" src=\"https:\/\/vagheggi.ro\/wp-content\/uploads\/2024\/09\/FOND-DE-TEN-AGE-CARE.png\" alt=\"FOND-DE-TEN-AGE-CARE\" width=\"1021\" height=\"720\" \/><\/p>\n<p><strong>Se combin\u0103 cel mai bine cu:<\/strong>\u00a0Pensula Flatbuki Nr.30,\u00a0Pensula Contur Nr.40,\u00a0Concentrat Iluminator White Moon\u00a0sau\u00a0Ser Lichid Vitamina C LIME,\u00a0Corector Nuan\u021b\u0103 Deschis\u0103 Nr.10,\u00a0Blush Nuan\u021b\u0103 Deschis\u0103 Nr.10<\/p>\n","protected":false},"excerpt":{"rendered":"<p><strong>Ideal pentru tenul matur<\/strong><\/p>\n<p>Ambalaj: Cutie de 30 ml<\/p>\n","protected":false},"featured_media":4125,"template":"","meta":[],"product_brand":[],"product_cat":[135,128],"product_tag":[144],"class_list":{"0":"post-4124","1":"product","2":"type-product","3":"status-publish","4":"has-post-thumbnail","6":"product_cat-fond-de-ten","7":"product_cat-machiaj-pentru-fata","8":"product_tag-facial","11":"instock","12":"sale","13":"taxable","14":"shipping-taxable","15":"purchasable","16":"product-type-simple","17":"product-grid-view"},"_links":{"self":[{"href":"https:\/\/harmoniq.md\/ro\/wp-json\/wp\/v2\/product\/4124","targetHints":{"allow":["GET"]}}],"collection":[{"href":"https:\/\/harmoniq.md\/ro\/wp-json\/wp\/v2\/product"}],"about":[{"href":"https:\/\/harmoniq.md\/ro\/wp-json\/wp\/v2\/types\/product"}],"version-history":[{"count":4,"href":"https:\/\/harmoniq.md\/ro\/wp-json\/wp\/v2\/product\/4124\/revisions"}],"predecessor-version":[{"id":4830,"href":"https:\/\/harmoniq.md\/ro\/wp-json\/wp\/v2\/product\/4124\/revisions\/4830"}],"wp:featuredmedia":[{"embeddable":true,"href":"https:\/\/harmoniq.md\/ro\/wp-json\/wp\/v2\/media\/4125"}],"wp:attachment":[{"href":"https:\/\/harmoniq.md\/ro\/wp-json\/wp\/v2\/media?parent=4124"}],"wp:term":[{"taxonomy":"product_brand","embeddable":true,"href":"https:\/\/harmoniq.md\/ro\/wp-json\/wp\/v2\/product_brand?post=4124"},{"taxonomy":"product_cat","embeddable":true,"href":"https:\/\/harmoniq.md\/ro\/wp-json\/wp\/v2\/product_cat?post=4124"},{"taxonomy":"product_tag","embeddable":true,"href":"https:\/\/harmoniq.md\/ro\/wp-json\/wp\/v2\/product_tag?post=4124"}],"curies":[{"name":"wp","href":"https:\/\/api.w.org\/{rel}","templated":true}]}}