{"id":4093,"date":"2025-01-19T13:13:30","date_gmt":"2025-01-19T11:13:30","guid":{"rendered":"https:\/\/harmoniq.md\/?post_type=product&#038;p=4093"},"modified":"2025-11-17T15:49:56","modified_gmt":"2025-11-17T13:49:56","slug":"fond-de-ten-compact-spf-50-nr-10","status":"publish","type":"product","link":"https:\/\/harmoniq.md\/ro\/product\/fond-de-ten-compact-spf-50-nr-10\/","title":{"rendered":"Fond de Ten Compact SPF 50 Nr.10"},"content":{"rendered":"<p>Fondul de Ten SPF 50 Nr.10\u00a0Compact\u00a0ofer\u0103\u00a0protec\u021bie UV\u00a0\u0219i este eficient pe\u00a0toate tipurile de piele. Ideal pentru\u00a0pielea cu pete, stresat\u0103 sau mixt\u0103.<\/p>\n<ul>\n<li><strong>Factorul ADN:\u00a0<\/strong>Fond de ten cu protec\u021bie UV de lung\u0103 durat\u0103 pentru un ten radiant<\/li>\n<li><strong>Performan\u021b\u0103:\u00a0<\/strong>Textura cremoas\u0103 persistent\u0103, confer\u0103 pielii un efect imediat de netezire<\/li>\n<li><strong>\u021aint\u0103:\u00a0<\/strong>Potrivit pentru toate tipurile de ten, ideal pentru pielea cu pete, stresat\u0103 sau mixt\u0103<\/li>\n<li><strong>Textura:\u00a0<\/strong>Pudr\u0103 cremoas\u0103<\/li>\n<li><strong>Nuan\u021b\u0103:<\/strong>\u00a0Deschis\u0103<\/li>\n<li><strong>Se combin\u0103 cel mai bine cu:<\/strong>\u00a0Pensula Flatbuki Nr.30,\u00a0Pensula Contur Nr.40,\u00a0Concentrat Iluminator White Moon\u00a0sau\u00a0Ser Lichid Vitamina C LIME,\u00a0Corector Nuan\u021b\u0103 Deschis\u0103 Nr.10,\u00a0Blush Nuan\u021b\u0103 Deschis\u0103 Nr.10<\/li>\n<\/ul>\n","protected":false},"excerpt":{"rendered":"<p><strong>Ideal pentru tenul cu pete, stresat sau mixt.<\/strong><\/p>\n<p>Ambalaj: Cutie de 8 g<\/p>\n","protected":false},"featured_media":4094,"template":"","meta":[],"product_brand":[],"product_cat":[135,128],"product_tag":[144],"class_list":{"0":"post-4093","1":"product","2":"type-product","3":"status-publish","4":"has-post-thumbnail","6":"product_cat-fond-de-ten","7":"product_cat-machiaj-pentru-fata","8":"product_tag-facial","11":"outofstock","12":"taxable","13":"shipping-taxable","14":"purchasable","15":"product-type-simple","16":"product-grid-view"},"_links":{"self":[{"href":"https:\/\/harmoniq.md\/ro\/wp-json\/wp\/v2\/product\/4093","targetHints":{"allow":["GET"]}}],"collection":[{"href":"https:\/\/harmoniq.md\/ro\/wp-json\/wp\/v2\/product"}],"about":[{"href":"https:\/\/harmoniq.md\/ro\/wp-json\/wp\/v2\/types\/product"}],"version-history":[{"count":4,"href":"https:\/\/harmoniq.md\/ro\/wp-json\/wp\/v2\/product\/4093\/revisions"}],"predecessor-version":[{"id":4834,"href":"https:\/\/harmoniq.md\/ro\/wp-json\/wp\/v2\/product\/4093\/revisions\/4834"}],"wp:featuredmedia":[{"embeddable":true,"href":"https:\/\/harmoniq.md\/ro\/wp-json\/wp\/v2\/media\/4094"}],"wp:attachment":[{"href":"https:\/\/harmoniq.md\/ro\/wp-json\/wp\/v2\/media?parent=4093"}],"wp:term":[{"taxonomy":"product_brand","embeddable":true,"href":"https:\/\/harmoniq.md\/ro\/wp-json\/wp\/v2\/product_brand?post=4093"},{"taxonomy":"product_cat","embeddable":true,"href":"https:\/\/harmoniq.md\/ro\/wp-json\/wp\/v2\/product_cat?post=4093"},{"taxonomy":"product_tag","embeddable":true,"href":"https:\/\/harmoniq.md\/ro\/wp-json\/wp\/v2\/product_tag?post=4093"}],"curies":[{"name":"wp","href":"https:\/\/api.w.org\/{rel}","templated":true}]}}