{"id":4081,"date":"2025-01-19T13:07:50","date_gmt":"2025-01-19T11:07:50","guid":{"rendered":"https:\/\/harmoniq.md\/?post_type=product&#038;p=4081"},"modified":"2025-12-15T17:10:06","modified_gmt":"2025-12-15T15:10:06","slug":"fond-de-ten-iluminator-nr-10","status":"publish","type":"product","link":"https:\/\/harmoniq.md\/ro\/product\/fond-de-ten-iluminator-nr-10\/","title":{"rendered":"Fond de Ten Iluminator Nr.10"},"content":{"rendered":"<p>Fondul de ten Iluminator Nr.10\u00a0este \u00eembog\u0103\u021bit cu extract de lemn dulce pentru a revitaliza tenul \u0219i\u00a0pentru a elimina semnele de oboseal\u0103 \u0219i imperfec\u021biunile.\u00a0Av\u00e2nd o textur\u0103 u\u0219oar\u0103, acest fond de ten fitocosmetic cu efect de iluminare poate fi aplicat \u00een straturi pentru a ob\u021bine o acoperire mai redus\u0103 sau mai intens\u0103.<\/p>\n<ul>\n<li><strong>Factorul ADN:<\/strong>\u00a03 pic\u0103turi produc un aspect proasp\u0103t \u0219i odihnit<\/li>\n<li><strong>Performan\u021b\u0103:<\/strong>\u00a0fondul de ten lichid iluminator \u00eembun\u0103t\u0103\u021be\u0219te aspectul tenului<\/li>\n<li><strong>\u021aint\u0103:<\/strong>\u00a0ideal pentru pielea care caut\u0103 un aspect omogen \u0219i iluminat<\/li>\n<li><strong>Textura:<\/strong>\u00a0emulsie lichid\u0103 p\u00e2n\u0103 la pulbere<\/li>\n<li><strong>Nuan\u021b\u0103:<\/strong>\u00a0Deschis\u0103<\/li>\n<li><strong>Se combin\u0103 cel mai bine cu:<\/strong>\u00a0Pensul\u0103 Flatbuki Nr.30\u00a0,Concentrat Iluminator White Moon,\u00a0Corector Nuan\u021b\u0103 Deschis\u0103 Nr.10<\/li>\n<\/ul>\n","protected":false},"excerpt":{"rendered":"<div class=\"product-short-description\">\n<p><strong>Fond de ten lichid iluminator cu aspect omogen, radiant \u0219i satinat<\/strong><\/p>\n<p>Ambalaj: Recipient cu picur\u0103tor de 30 ml<\/p>\n<\/div>\n","protected":false},"featured_media":4082,"template":"","meta":[],"product_brand":[],"product_cat":[135,128],"product_tag":[144],"class_list":{"0":"post-4081","1":"product","2":"type-product","3":"status-publish","4":"has-post-thumbnail","6":"product_cat-fond-de-ten","7":"product_cat-machiaj-pentru-fata","8":"product_tag-facial","11":"instock","12":"sale","13":"taxable","14":"shipping-taxable","15":"purchasable","16":"product-type-simple","17":"product-grid-view"},"_links":{"self":[{"href":"https:\/\/harmoniq.md\/ro\/wp-json\/wp\/v2\/product\/4081","targetHints":{"allow":["GET"]}}],"collection":[{"href":"https:\/\/harmoniq.md\/ro\/wp-json\/wp\/v2\/product"}],"about":[{"href":"https:\/\/harmoniq.md\/ro\/wp-json\/wp\/v2\/types\/product"}],"version-history":[{"count":4,"href":"https:\/\/harmoniq.md\/ro\/wp-json\/wp\/v2\/product\/4081\/revisions"}],"predecessor-version":[{"id":4839,"href":"https:\/\/harmoniq.md\/ro\/wp-json\/wp\/v2\/product\/4081\/revisions\/4839"}],"wp:featuredmedia":[{"embeddable":true,"href":"https:\/\/harmoniq.md\/ro\/wp-json\/wp\/v2\/media\/4082"}],"wp:attachment":[{"href":"https:\/\/harmoniq.md\/ro\/wp-json\/wp\/v2\/media?parent=4081"}],"wp:term":[{"taxonomy":"product_brand","embeddable":true,"href":"https:\/\/harmoniq.md\/ro\/wp-json\/wp\/v2\/product_brand?post=4081"},{"taxonomy":"product_cat","embeddable":true,"href":"https:\/\/harmoniq.md\/ro\/wp-json\/wp\/v2\/product_cat?post=4081"},{"taxonomy":"product_tag","embeddable":true,"href":"https:\/\/harmoniq.md\/ro\/wp-json\/wp\/v2\/product_tag?post=4081"}],"curies":[{"name":"wp","href":"https:\/\/api.w.org\/{rel}","templated":true}]}}