{"id":4015,"date":"2025-01-19T12:41:23","date_gmt":"2025-01-19T10:41:23","guid":{"rendered":"https:\/\/harmoniq.md\/?post_type=product&#038;p=4015"},"modified":"2025-12-15T17:12:14","modified_gmt":"2025-12-15T15:12:14","slug":"paleta-farduri-pleoape-7-culori-eva","status":"publish","type":"product","link":"https:\/\/harmoniq.md\/ro\/product\/paleta-farduri-pleoape-7-culori-eva\/","title":{"rendered":"Palet\u0103 Farduri Pleoape 7 Culori Eva"},"content":{"rendered":"<p>Palet\u0103 Farduri Pleoape 7 Culori Eva\u00a0cu tapioca certificat\u0103 organic \u0219i uleiurile pre\u021bioase de plante, creeaz\u0103 combina\u021bii minunate de culori.<\/p>\n<p>Paleta de farduri Eva\u00a0este o formul\u0103\u00a0crem\u0103 cu efect de pudr\u0103, cu eliberare imediat\u0103 a culorii pentru un\u00a0rezultat de acoperire intens\u0103, dar u\u0219or de aplicat. Ideal\u0103 \u00een orice ocazie, de la un\u00a0aspect delicat pentru zi la unul \u00eendr\u0103zne\u021b pentru sear\u0103.<\/p>\n<ul>\n<li>Factorul ADN:\u00a0Farduri pentru pleoape din colec\u021bia EVA pentru a crea look-uri diferite \u00een fiecare zi<\/li>\n<li>Performan\u021b\u0103:\u00a0Compus din pulberi extrem de fine \u0219i u\u0219oare, cu un finish luminos \u0219i o acoperire modulabil\u0103. Cremos la atingere \u0219i foarte u\u0219or de aplicat \u0219i estompat, r\u0103m\u00e2ne aderent, urm\u0103rind mi\u0219c\u0103rile pleoapei, f\u0103r\u0103 a crea cute.<\/li>\n<li>Se combin\u0103 cel mai bine cu:\u00a0Pensul\u0103 Fard Pleoape N.50,\u00a0Pensul\u0103 Ochi Nr.60,\u00a0Pensul\u0103 Pliu Ochi Nr.70,\u00a0Pensul\u0103 Fard Nr.80\u00a0,Corector,\u00a0Creion pentru ochi,\u00a0Definer pentru spr\u00e2ncene<\/li>\n<\/ul>\n","protected":false},"excerpt":{"rendered":"<p><strong>Aspect delicat pe timp de zi \u0219i \u00eendr\u0103zne\u021b pe timp de sear\u0103\u00a0<\/strong><\/p>\n<p>Ambalaj: Cutie cu oglind\u0103<\/p>\n","protected":false},"featured_media":4016,"template":"","meta":[],"product_brand":[],"product_cat":[134,127],"product_tag":[144],"class_list":{"0":"post-4015","1":"product","2":"type-product","3":"status-publish","4":"has-post-thumbnail","6":"product_cat-farduri-de-pleoape","7":"product_cat-machiaj-pentru-ochi","8":"product_tag-facial","11":"instock","12":"sale","13":"taxable","14":"shipping-taxable","15":"purchasable","16":"product-type-simple","17":"product-grid-view"},"_links":{"self":[{"href":"https:\/\/harmoniq.md\/ro\/wp-json\/wp\/v2\/product\/4015","targetHints":{"allow":["GET"]}}],"collection":[{"href":"https:\/\/harmoniq.md\/ro\/wp-json\/wp\/v2\/product"}],"about":[{"href":"https:\/\/harmoniq.md\/ro\/wp-json\/wp\/v2\/types\/product"}],"version-history":[{"count":4,"href":"https:\/\/harmoniq.md\/ro\/wp-json\/wp\/v2\/product\/4015\/revisions"}],"predecessor-version":[{"id":4765,"href":"https:\/\/harmoniq.md\/ro\/wp-json\/wp\/v2\/product\/4015\/revisions\/4765"}],"wp:featuredmedia":[{"embeddable":true,"href":"https:\/\/harmoniq.md\/ro\/wp-json\/wp\/v2\/media\/4016"}],"wp:attachment":[{"href":"https:\/\/harmoniq.md\/ro\/wp-json\/wp\/v2\/media?parent=4015"}],"wp:term":[{"taxonomy":"product_brand","embeddable":true,"href":"https:\/\/harmoniq.md\/ro\/wp-json\/wp\/v2\/product_brand?post=4015"},{"taxonomy":"product_cat","embeddable":true,"href":"https:\/\/harmoniq.md\/ro\/wp-json\/wp\/v2\/product_cat?post=4015"},{"taxonomy":"product_tag","embeddable":true,"href":"https:\/\/harmoniq.md\/ro\/wp-json\/wp\/v2\/product_tag?post=4015"}],"curies":[{"name":"wp","href":"https:\/\/api.w.org\/{rel}","templated":true}]}}