{"id":4006,"date":"2025-01-19T12:37:39","date_gmt":"2025-01-19T10:37:39","guid":{"rendered":"https:\/\/harmoniq.md\/?post_type=product&#038;p=4006"},"modified":"2026-01-08T19:38:47","modified_gmt":"2026-01-08T17:38:47","slug":"paleta-farduri-pleoape-lucrezia","status":"publish","type":"product","link":"https:\/\/harmoniq.md\/ro\/product\/paleta-farduri-pleoape-lucrezia\/","title":{"rendered":"Palet\u0103 Farduri Pleoape Lucrezia"},"content":{"rendered":"<p>Fardurile de pleoape din gama Lucrezia\u00a0ofer\u0103 patru nuan\u021be versatile, perfect estompabile \u00eentre ele, cu\u00a0tonuri roz \u0219i calde ce se potrivesc\u00a0at\u00e2t cu subtonuri reci, c\u00e2t \u0219i cu cele calde.\u00a0Formula fin\u0103 \u0219i cremoas\u0103 garanteaz\u0103\u00a0un aspect luminos \u0219i rezisten\u021b\u0103 de 12 ore, adapt\u00e2ndu-se perfect mi\u0219c\u0103rilor pleoapei.<\/p>\n<p>Cele patru farduri de pleoape, amestecate \u00eentre ele, faciliteaz\u0103 aplicarea \u0219i ofer\u0103 o finisare catifelat\u0103 pleoapei:<\/p>\n<ol>\n<li>\n<ol>\n<li><em>ROZ \u0218AMPANIE FROST<\/em><\/li>\n<li><em>EXTRA FROST PEARL ROSE\u00a0<\/em><em>GOLD<\/em><\/li>\n<li><em>ROZ \u00ceNCHIS MAT<\/em><\/li>\n<li><em>MARO DELICAT MAT<\/em><\/li>\n<\/ol>\n<\/li>\n<\/ol>\n<ul>\n<li>Factorul ADN:\u00a0Farduri pentru pleoape din colec\u021bia Lucrezia pentru a crea look-uri diferite \u00een fiecare zi<\/li>\n<li>Performan\u021b\u0103:\u00a0Compus din pulberi extrem de fine \u0219i u\u0219oare, cu un aspect luminos \u0219i o acoperire modulabil\u0103. Cremos la atingere \u0219i foarte u\u0219or de aplicat \u0219i estompat, r\u0103m\u00e2ne aderent, urm\u0103rind mi\u0219c\u0103rile pleoapei, f\u0103r\u0103 a crea cute.<\/li>\n<li>Se combin\u0103 cel mai bine cu:\u00a0Pensul\u0103 Fard Pleoape N.50,\u00a0Pensul\u0103 Ochi Nr.60,\u00a0Pensul\u0103 Pliu Ochi Nr.70,\u00a0Pensul\u0103 Fard Nr.80,\u00a0Corector,\u00a0Creion pentru ochi,\u00a0Gel spr\u00e2ncene definitor<\/li>\n<\/ul>\n","protected":false},"excerpt":{"rendered":"<p><strong>Roz \u0219i nuan\u021be calde\u00a0<\/strong><\/p>\n<p>Ambalaj: Cutie cu oglind\u0103<\/p>\n","protected":false},"featured_media":4007,"template":"","meta":[],"product_brand":[],"product_cat":[134,127],"product_tag":[144],"class_list":{"0":"post-4006","1":"product","2":"type-product","3":"status-publish","4":"has-post-thumbnail","6":"product_cat-farduri-de-pleoape","7":"product_cat-machiaj-pentru-ochi","8":"product_tag-facial","11":"instock","12":"sale","13":"taxable","14":"shipping-taxable","15":"purchasable","16":"product-type-simple","17":"product-grid-view"},"_links":{"self":[{"href":"https:\/\/harmoniq.md\/ro\/wp-json\/wp\/v2\/product\/4006","targetHints":{"allow":["GET"]}}],"collection":[{"href":"https:\/\/harmoniq.md\/ro\/wp-json\/wp\/v2\/product"}],"about":[{"href":"https:\/\/harmoniq.md\/ro\/wp-json\/wp\/v2\/types\/product"}],"version-history":[{"count":3,"href":"https:\/\/harmoniq.md\/ro\/wp-json\/wp\/v2\/product\/4006\/revisions"}],"predecessor-version":[{"id":4772,"href":"https:\/\/harmoniq.md\/ro\/wp-json\/wp\/v2\/product\/4006\/revisions\/4772"}],"wp:featuredmedia":[{"embeddable":true,"href":"https:\/\/harmoniq.md\/ro\/wp-json\/wp\/v2\/media\/4007"}],"wp:attachment":[{"href":"https:\/\/harmoniq.md\/ro\/wp-json\/wp\/v2\/media?parent=4006"}],"wp:term":[{"taxonomy":"product_brand","embeddable":true,"href":"https:\/\/harmoniq.md\/ro\/wp-json\/wp\/v2\/product_brand?post=4006"},{"taxonomy":"product_cat","embeddable":true,"href":"https:\/\/harmoniq.md\/ro\/wp-json\/wp\/v2\/product_cat?post=4006"},{"taxonomy":"product_tag","embeddable":true,"href":"https:\/\/harmoniq.md\/ro\/wp-json\/wp\/v2\/product_tag?post=4006"}],"curies":[{"name":"wp","href":"https:\/\/api.w.org\/{rel}","templated":true}]}}