{"id":3994,"date":"2025-01-19T12:31:52","date_gmt":"2025-01-19T10:31:52","guid":{"rendered":"https:\/\/harmoniq.md\/?post_type=product&#038;p=3994"},"modified":"2025-12-19T16:46:22","modified_gmt":"2025-12-19T14:46:22","slug":"tratament-pentru-gene-si-sprancene","status":"publish","type":"product","link":"https:\/\/harmoniq.md\/ro\/product\/tratament-pentru-gene-si-sprancene\/","title":{"rendered":"Tratament pentru Gene \u0219i Spr\u00e2ncene"},"content":{"rendered":"<p><strong>Tratament pentru gene \u0219i spr\u00e2ncene\u00a0<\/strong>ce\u00a0<strong>\u00eent\u0103re\u0219te, aranjeaz\u0103 \u0219i confer\u0103 volum genelor \u0219i spr\u00e2ncenelor.\u00a0<\/strong><\/p>\n<ul>\n<li><strong>Factorul ADN:\u00a0<\/strong>\u00cent\u0103re\u0219te \u0219i define\u0219te genele \u0219i spr\u00e2ncenele<\/li>\n<li><strong>Performan\u021b\u0103:\u00a0<\/strong>Formul\u0103 proasp\u0103t\u0103 \u0219i u\u0219oar\u0103<\/li>\n<li><strong>Se combin\u0103 cel mai bine cu:<\/strong>\u00a0Corector,\u00a0Creion de ochi,\u00a0Creion de spr\u00e2ncene,\u00a0Farduri de Pleoape.<\/li>\n<\/ul>\n","protected":false},"excerpt":{"rendered":"<p><strong>\u00cent\u0103re\u0219te \u0219i confer\u0103 volum genelor \u0219i spr\u00e2ncenelor<\/strong><\/p>\n<p>Ambalaj: 12 ml<\/p>\n","protected":false},"featured_media":3995,"template":"","meta":[],"product_brand":[],"product_cat":[133,127],"product_tag":[144],"class_list":{"0":"post-3994","1":"product","2":"type-product","3":"status-publish","4":"has-post-thumbnail","6":"product_cat-eyeliner-mascara","7":"product_cat-machiaj-pentru-ochi","8":"product_tag-facial","11":"instock","12":"sale","13":"taxable","14":"shipping-taxable","15":"purchasable","16":"product-type-simple","17":"product-grid-view"},"_links":{"self":[{"href":"https:\/\/harmoniq.md\/ro\/wp-json\/wp\/v2\/product\/3994","targetHints":{"allow":["GET"]}}],"collection":[{"href":"https:\/\/harmoniq.md\/ro\/wp-json\/wp\/v2\/product"}],"about":[{"href":"https:\/\/harmoniq.md\/ro\/wp-json\/wp\/v2\/types\/product"}],"version-history":[{"count":3,"href":"https:\/\/harmoniq.md\/ro\/wp-json\/wp\/v2\/product\/3994\/revisions"}],"predecessor-version":[{"id":4304,"href":"https:\/\/harmoniq.md\/ro\/wp-json\/wp\/v2\/product\/3994\/revisions\/4304"}],"wp:featuredmedia":[{"embeddable":true,"href":"https:\/\/harmoniq.md\/ro\/wp-json\/wp\/v2\/media\/3995"}],"wp:attachment":[{"href":"https:\/\/harmoniq.md\/ro\/wp-json\/wp\/v2\/media?parent=3994"}],"wp:term":[{"taxonomy":"product_brand","embeddable":true,"href":"https:\/\/harmoniq.md\/ro\/wp-json\/wp\/v2\/product_brand?post=3994"},{"taxonomy":"product_cat","embeddable":true,"href":"https:\/\/harmoniq.md\/ro\/wp-json\/wp\/v2\/product_cat?post=3994"},{"taxonomy":"product_tag","embeddable":true,"href":"https:\/\/harmoniq.md\/ro\/wp-json\/wp\/v2\/product_tag?post=3994"}],"curies":[{"name":"wp","href":"https:\/\/api.w.org\/{rel}","templated":true}]}}