{"id":3989,"date":"2025-01-19T12:29:31","date_gmt":"2025-01-19T10:29:31","guid":{"rendered":"https:\/\/harmoniq.md\/?post_type=product&#038;p=3989"},"modified":"2026-02-12T13:41:17","modified_gmt":"2026-02-12T11:41:17","slug":"mascara-pentru-definire","status":"publish","type":"product","link":"https:\/\/harmoniq.md\/ro\/product\/mascara-pentru-definire\/","title":{"rendered":"Mascara pentru Definire"},"content":{"rendered":"<p>Mascara pentru definire\u00a0cu o formul\u0103 cremoas\u0103, u\u0219oar\u0103 \u0219i str\u0103lucitoare, care prelunge\u0219te \u0219i curbeaz\u0103 genele d\u00e2nd un efect de definire \u0219i o culoare neagr\u0103 intens\u0103.<\/p>\n<ul>\n<li>Factorul ADN:\u00a0culoare intens\u0103 pentru \u00eenalt\u0103 definire<\/li>\n<li>Performan\u021b\u0103:\u00a0formul\u0103 cremoas\u0103, u\u0219oar\u0103 \u0219i str\u0103lucitoare care, datorit\u0103 pensulei de silicon, alunge\u0219te \u0219i curbeaz\u0103 genele oferind un aspect definit \u0219i o culoare neagr\u0103 intens\u0103<\/li>\n<li>Textur\u0103:\u00a0fluid u\u0219or \u0219i str\u0103lucitor<\/li>\n<li>Se combin\u0103 cel mai bine cu:\u00a0Corector,\u00a0Creion de ochi,\u00a0Creion de spr\u00e2ncene,\u00a0Farduri de Pleoape.<\/li>\n<\/ul>\n","protected":false},"excerpt":{"rendered":"<p><strong>Alunge\u0219te \u0219i curbeaz\u0103 genele d\u00e2nd un efect de definire<\/strong><\/p>\n<p>Ambalaj: 10 ml<\/p>\n","protected":false},"featured_media":3990,"template":"","meta":[],"product_brand":[],"product_cat":[133,127],"product_tag":[144],"class_list":{"0":"post-3989","1":"product","2":"type-product","3":"status-publish","4":"has-post-thumbnail","6":"product_cat-eyeliner-mascara","7":"product_cat-machiaj-pentru-ochi","8":"product_tag-facial","11":"outofstock","12":"sale","13":"taxable","14":"shipping-taxable","15":"purchasable","16":"product-type-simple","17":"product-grid-view"},"_links":{"self":[{"href":"https:\/\/harmoniq.md\/ro\/wp-json\/wp\/v2\/product\/3989","targetHints":{"allow":["GET"]}}],"collection":[{"href":"https:\/\/harmoniq.md\/ro\/wp-json\/wp\/v2\/product"}],"about":[{"href":"https:\/\/harmoniq.md\/ro\/wp-json\/wp\/v2\/types\/product"}],"version-history":[{"count":4,"href":"https:\/\/harmoniq.md\/ro\/wp-json\/wp\/v2\/product\/3989\/revisions"}],"predecessor-version":[{"id":4784,"href":"https:\/\/harmoniq.md\/ro\/wp-json\/wp\/v2\/product\/3989\/revisions\/4784"}],"wp:featuredmedia":[{"embeddable":true,"href":"https:\/\/harmoniq.md\/ro\/wp-json\/wp\/v2\/media\/3990"}],"wp:attachment":[{"href":"https:\/\/harmoniq.md\/ro\/wp-json\/wp\/v2\/media?parent=3989"}],"wp:term":[{"taxonomy":"product_brand","embeddable":true,"href":"https:\/\/harmoniq.md\/ro\/wp-json\/wp\/v2\/product_brand?post=3989"},{"taxonomy":"product_cat","embeddable":true,"href":"https:\/\/harmoniq.md\/ro\/wp-json\/wp\/v2\/product_cat?post=3989"},{"taxonomy":"product_tag","embeddable":true,"href":"https:\/\/harmoniq.md\/ro\/wp-json\/wp\/v2\/product_tag?post=3989"}],"curies":[{"name":"wp","href":"https:\/\/api.w.org\/{rel}","templated":true}]}}