{"id":3984,"date":"2025-01-19T12:27:33","date_gmt":"2025-01-19T10:27:33","guid":{"rendered":"https:\/\/harmoniq.md\/?post_type=product&#038;p=3984"},"modified":"2025-12-18T22:04:05","modified_gmt":"2025-12-18T20:04:05","slug":"mascara-panoramic","status":"publish","type":"product","link":"https:\/\/harmoniq.md\/ro\/product\/mascara-panoramic\/","title":{"rendered":"Mascara Panoramic"},"content":{"rendered":"<p>Mascara Panoramic\u00a0pentru volum suplimentar \u0219i culoare neagr\u0103 intens\u0103. Creaz\u0103 un efect profund de privire magnetic\u0103 pentru gene alungite \u0219i curbate. Formula cremoas\u0103, u\u0219oar\u0103 \u0219i str\u0103lucitoare.<\/p>\n<ul>\n<li>Factorul ADN:\u00a0volum extra<\/li>\n<li>Performan\u021b\u0103:\u00a0formul\u0103 cremoas\u0103, u\u0219oar\u0103 \u0219i str\u0103lucitoare. Volum extra \u0219i culoare negru intens pentru gene alungite \u0219i curbate cu efect de privire magnetic\u0103 profund<\/li>\n<li>Textur\u0103: fluid intens<\/li>\n<li>Se combin\u0103 cel mai bine cu:\u00a0Corector,\u00a0Creion de ochi,\u00a0Creion de spr\u00e2ncene,\u00a0Farduri de Pleoape.<\/li>\n<\/ul>\n","protected":false},"excerpt":{"rendered":"<p><strong>Mascara extra volume<\/strong><\/p>\n<p>Ambalaj: 10 ml<\/p>\n","protected":false},"featured_media":3985,"template":"","meta":[],"product_brand":[],"product_cat":[133,127],"product_tag":[144],"class_list":{"0":"post-3984","1":"product","2":"type-product","3":"status-publish","4":"has-post-thumbnail","6":"product_cat-eyeliner-mascara","7":"product_cat-machiaj-pentru-ochi","8":"product_tag-facial","11":"instock","12":"sale","13":"taxable","14":"shipping-taxable","15":"purchasable","16":"product-type-simple","17":"product-grid-view"},"_links":{"self":[{"href":"https:\/\/harmoniq.md\/ro\/wp-json\/wp\/v2\/product\/3984","targetHints":{"allow":["GET"]}}],"collection":[{"href":"https:\/\/harmoniq.md\/ro\/wp-json\/wp\/v2\/product"}],"about":[{"href":"https:\/\/harmoniq.md\/ro\/wp-json\/wp\/v2\/types\/product"}],"version-history":[{"count":3,"href":"https:\/\/harmoniq.md\/ro\/wp-json\/wp\/v2\/product\/3984\/revisions"}],"predecessor-version":[{"id":4783,"href":"https:\/\/harmoniq.md\/ro\/wp-json\/wp\/v2\/product\/3984\/revisions\/4783"}],"wp:featuredmedia":[{"embeddable":true,"href":"https:\/\/harmoniq.md\/ro\/wp-json\/wp\/v2\/media\/3985"}],"wp:attachment":[{"href":"https:\/\/harmoniq.md\/ro\/wp-json\/wp\/v2\/media?parent=3984"}],"wp:term":[{"taxonomy":"product_brand","embeddable":true,"href":"https:\/\/harmoniq.md\/ro\/wp-json\/wp\/v2\/product_brand?post=3984"},{"taxonomy":"product_cat","embeddable":true,"href":"https:\/\/harmoniq.md\/ro\/wp-json\/wp\/v2\/product_cat?post=3984"},{"taxonomy":"product_tag","embeddable":true,"href":"https:\/\/harmoniq.md\/ro\/wp-json\/wp\/v2\/product_tag?post=3984"}],"curies":[{"name":"wp","href":"https:\/\/api.w.org\/{rel}","templated":true}]}}