{"id":3979,"date":"2025-01-19T12:25:30","date_gmt":"2025-01-19T10:25:30","guid":{"rendered":"https:\/\/harmoniq.md\/?post_type=product&#038;p=3979"},"modified":"2025-12-15T17:14:13","modified_gmt":"2025-12-15T15:14:13","slug":"gel-sprancene-definitor-nr-10","status":"publish","type":"product","link":"https:\/\/harmoniq.md\/ro\/product\/gel-sprancene-definitor-nr-10\/","title":{"rendered":"Gel Spr\u00e2ncene Definitor Nr.10"},"content":{"rendered":"<p>Gelul de Spr\u00e2ncene Definitor Nr.10,\u00a0u\u0219or nuan\u021bat, aduce o\u00a0definire subtil\u0103 \u0219i natural\u0103, eviden\u021biind\u00a0frumuse\u021bea spr\u00e2ncenelor. Formula sa delicat\u0103 ofer\u0103 relaxare imediat\u0103 \u0219i se potrive\u0219te perfect \u00een rutina ta de machiaj.<\/p>\n<ul>\n<li>Factorul ADN:\u00a0Gel colorat ce modeleaz\u0103, umple \u0219i define\u0219te spr\u00e2ncenele, cu un aspect natural<\/li>\n<li>Performan\u021b\u0103:\u00a0O formul\u0103 natural\u0103 pentru un aspect natural, rezultat extrem de facil \u0219i imediat<\/li>\n<li>Se combin\u0103 cel mai bine cu:\u00a0Corector,\u00a0Creion de ochi,\u00a0Palet\u0103 de farduri pleoape.<\/li>\n<\/ul>\n","protected":false},"excerpt":{"rendered":"<p><strong>Modeleaz\u0103, umple \u0219i define\u0219te spr\u00e2ncenele<\/strong><\/p>\n<p>Ambalaj: 4 ml<\/p>\n","protected":false},"featured_media":3980,"template":"","meta":[],"product_brand":[],"product_cat":[133,128],"product_tag":[144],"class_list":{"0":"post-3979","1":"product","2":"type-product","3":"status-publish","4":"has-post-thumbnail","6":"product_cat-eyeliner-mascara","7":"product_cat-machiaj-pentru-fata","8":"product_tag-facial","11":"instock","12":"sale","13":"taxable","14":"shipping-taxable","15":"purchasable","16":"product-type-simple","17":"product-grid-view"},"_links":{"self":[{"href":"https:\/\/harmoniq.md\/ro\/wp-json\/wp\/v2\/product\/3979","targetHints":{"allow":["GET"]}}],"collection":[{"href":"https:\/\/harmoniq.md\/ro\/wp-json\/wp\/v2\/product"}],"about":[{"href":"https:\/\/harmoniq.md\/ro\/wp-json\/wp\/v2\/types\/product"}],"version-history":[{"count":4,"href":"https:\/\/harmoniq.md\/ro\/wp-json\/wp\/v2\/product\/3979\/revisions"}],"predecessor-version":[{"id":4835,"href":"https:\/\/harmoniq.md\/ro\/wp-json\/wp\/v2\/product\/3979\/revisions\/4835"}],"wp:featuredmedia":[{"embeddable":true,"href":"https:\/\/harmoniq.md\/ro\/wp-json\/wp\/v2\/media\/3980"}],"wp:attachment":[{"href":"https:\/\/harmoniq.md\/ro\/wp-json\/wp\/v2\/media?parent=3979"}],"wp:term":[{"taxonomy":"product_brand","embeddable":true,"href":"https:\/\/harmoniq.md\/ro\/wp-json\/wp\/v2\/product_brand?post=3979"},{"taxonomy":"product_cat","embeddable":true,"href":"https:\/\/harmoniq.md\/ro\/wp-json\/wp\/v2\/product_cat?post=3979"},{"taxonomy":"product_tag","embeddable":true,"href":"https:\/\/harmoniq.md\/ro\/wp-json\/wp\/v2\/product_tag?post=3979"}],"curies":[{"name":"wp","href":"https:\/\/api.w.org\/{rel}","templated":true}]}}