{"id":3836,"date":"2025-01-18T20:15:05","date_gmt":"2025-01-18T18:15:05","guid":{"rendered":"https:\/\/harmoniq.md\/?post_type=product&#038;p=3836"},"modified":"2025-12-15T17:15:50","modified_gmt":"2025-12-15T15:15:50","slug":"ruj-brick-nr-50","status":"publish","type":"product","link":"https:\/\/harmoniq.md\/ro\/product\/ruj-brick-nr-50\/","title":{"rendered":"Ruj Brick Nr.50"},"content":{"rendered":"<p>Rujul Brick Nr.50 din gama fitocosmetic\u0103 EVA, ofer\u0103 o culoare intens\u0103,\u00a0rezisten\u021b\u0103 excelent\u0103, o textur\u0103 u\u0219oar\u0103 \u0219i catifelat\u0103, iar\u00a0buzele devin hidratate \u0219i voluminoase. Efectul este de lung\u0103 durat\u0103<\/p>\n<ul>\n<li><strong>Factorul ADN:\u00a0<\/strong>Culoare luxuriant\u0103 intens\u0103<\/li>\n<li><strong>Textur\u0103:<\/strong>\u00a0Moale \u0219i satinat\u0103<\/li>\n<li><strong>Performan\u021b\u0103:\u00a0<\/strong>Confortabil \u00een timpul aplic\u0103rii, linie precis\u0103, finisaj sub\u021bire \u201eF\u0103r\u0103 greutate\u201d, f\u0103r\u0103 uscare, culoare intens\u0103, acoperire medie ajustabil\u0103<\/li>\n<li><strong>Se combin\u0103 cel mai bine cu:\u00a0<\/strong>Pensul\u0103 Buze Nr.90,\u00a0Creion de Buze<\/li>\n<\/ul>\n","protected":false},"excerpt":{"rendered":"<p><strong>Buze hidratate \u0219i voluminoase<\/strong><\/p>\n<p>Ambalaj: Ruj de 3.5 ml<\/p>\n","protected":false},"featured_media":3837,"template":"","meta":[],"product_brand":[],"product_cat":[126,137],"product_tag":[144],"class_list":{"0":"post-3836","1":"product","2":"type-product","3":"status-publish","4":"has-post-thumbnail","6":"product_cat-machiaj-pentru-buze","7":"product_cat-rujuri","8":"product_tag-facial","11":"instock","12":"sale","13":"taxable","14":"shipping-taxable","15":"purchasable","16":"product-type-simple","17":"product-grid-view"},"_links":{"self":[{"href":"https:\/\/harmoniq.md\/ro\/wp-json\/wp\/v2\/product\/3836","targetHints":{"allow":["GET"]}}],"collection":[{"href":"https:\/\/harmoniq.md\/ro\/wp-json\/wp\/v2\/product"}],"about":[{"href":"https:\/\/harmoniq.md\/ro\/wp-json\/wp\/v2\/types\/product"}],"version-history":[{"count":4,"href":"https:\/\/harmoniq.md\/ro\/wp-json\/wp\/v2\/product\/3836\/revisions"}],"predecessor-version":[{"id":4747,"href":"https:\/\/harmoniq.md\/ro\/wp-json\/wp\/v2\/product\/3836\/revisions\/4747"}],"wp:featuredmedia":[{"embeddable":true,"href":"https:\/\/harmoniq.md\/ro\/wp-json\/wp\/v2\/media\/3837"}],"wp:attachment":[{"href":"https:\/\/harmoniq.md\/ro\/wp-json\/wp\/v2\/media?parent=3836"}],"wp:term":[{"taxonomy":"product_brand","embeddable":true,"href":"https:\/\/harmoniq.md\/ro\/wp-json\/wp\/v2\/product_brand?post=3836"},{"taxonomy":"product_cat","embeddable":true,"href":"https:\/\/harmoniq.md\/ro\/wp-json\/wp\/v2\/product_cat?post=3836"},{"taxonomy":"product_tag","embeddable":true,"href":"https:\/\/harmoniq.md\/ro\/wp-json\/wp\/v2\/product_tag?post=3836"}],"curies":[{"name":"wp","href":"https:\/\/api.w.org\/{rel}","templated":true}]}}