{"id":3812,"date":"2025-01-18T19:59:14","date_gmt":"2025-01-18T17:59:14","guid":{"rendered":"https:\/\/harmoniq.md\/?post_type=product&#038;p=3812"},"modified":"2025-12-15T17:16:16","modified_gmt":"2025-12-15T15:16:16","slug":"creion-de-buze-brick","status":"publish","type":"product","link":"https:\/\/harmoniq.md\/ro\/product\/creion-de-buze-brick\/","title":{"rendered":"Creion de Buze Brick"},"content":{"rendered":"<p><strong>Linia precis\u0103<\/strong> \u0219i stabil\u0103 a creionului de buze brick, precum \u0219i <strong>textura sa moale, m\u0103t\u0103soas\u0103 \u0219i confortabil\u0103<\/strong>, fac din acest\u00a0<strong>creion de buze fitocosmetic<\/strong>\u00a0complementul ideal pentru un\u00a0<strong>machiaj de buze rezistent.<\/strong><\/p>\n<ul>\n<li><strong>Factorul ADN:\u00a0<\/strong>Definire \u00eenalt\u0103<\/li>\n<li><strong>Performan\u021b\u0103:\u00a0<\/strong>Creion cu textur\u0103 cremoas\u0103 pentru o definire de lung\u0103 durat\u0103<\/li>\n<li><strong>Se combin\u0103 cel mai bine cu:<\/strong>\u00a0Pensul\u0103 Buze Nr.90, gama noastr\u0103 de rujuri<\/li>\n<\/ul>\n","protected":false},"excerpt":{"rendered":"<p><strong>Contur intens \u0219i precis<\/strong><\/p>\n<p>Ambalaj: Creion<\/p>\n","protected":false},"featured_media":3813,"template":"","meta":[],"product_brand":[],"product_cat":[90,131,126],"product_tag":[144],"class_list":{"0":"post-3812","1":"product","2":"type-product","3":"status-publish","4":"has-post-thumbnail","6":"product_cat-contur-ochi-si-buze","7":"product_cat-creioane-de-buze","8":"product_cat-machiaj-pentru-buze","9":"product_tag-facial","12":"instock","13":"sale","14":"taxable","15":"shipping-taxable","16":"purchasable","17":"product-type-simple","18":"product-grid-view"},"_links":{"self":[{"href":"https:\/\/harmoniq.md\/ro\/wp-json\/wp\/v2\/product\/3812","targetHints":{"allow":["GET"]}}],"collection":[{"href":"https:\/\/harmoniq.md\/ro\/wp-json\/wp\/v2\/product"}],"about":[{"href":"https:\/\/harmoniq.md\/ro\/wp-json\/wp\/v2\/types\/product"}],"version-history":[{"count":3,"href":"https:\/\/harmoniq.md\/ro\/wp-json\/wp\/v2\/product\/3812\/revisions"}],"predecessor-version":[{"id":4341,"href":"https:\/\/harmoniq.md\/ro\/wp-json\/wp\/v2\/product\/3812\/revisions\/4341"}],"wp:featuredmedia":[{"embeddable":true,"href":"https:\/\/harmoniq.md\/ro\/wp-json\/wp\/v2\/media\/3813"}],"wp:attachment":[{"href":"https:\/\/harmoniq.md\/ro\/wp-json\/wp\/v2\/media?parent=3812"}],"wp:term":[{"taxonomy":"product_brand","embeddable":true,"href":"https:\/\/harmoniq.md\/ro\/wp-json\/wp\/v2\/product_brand?post=3812"},{"taxonomy":"product_cat","embeddable":true,"href":"https:\/\/harmoniq.md\/ro\/wp-json\/wp\/v2\/product_cat?post=3812"},{"taxonomy":"product_tag","embeddable":true,"href":"https:\/\/harmoniq.md\/ro\/wp-json\/wp\/v2\/product_tag?post=3812"}],"curies":[{"name":"wp","href":"https:\/\/api.w.org\/{rel}","templated":true}]}}