{"id":3704,"date":"2025-01-18T12:30:15","date_gmt":"2025-01-18T10:30:15","guid":{"rendered":"https:\/\/harmoniq.md\/?post_type=product&#038;p=3704"},"modified":"2026-02-05T22:16:35","modified_gmt":"2026-02-05T20:16:35","slug":"crema-hidratanta-pentru-picioare-equilibrium","status":"publish","type":"product","link":"https:\/\/harmoniq.md\/ro\/product\/crema-hidratanta-pentru-picioare-equilibrium\/","title":{"rendered":"Crem\u0103 Hidratant\u0103 pentru Picioare Equilibrium"},"content":{"rendered":"<p>Crema Hidratant\u0103 pentru Picioare Equilibrium\u00a0a fost special conceput\u0103 pentru \u00eengrijirea atent\u0103 a picioarelor.\u00a0Combate eficient pielea uscat\u0103, cr\u0103p\u0103turile \u0219i irita\u021bia.\u00a0Ofer\u0103 o ac\u021biune de netezire asupra b\u0103t\u0103turilor \u0219i calusurilor, absorbind transpira\u021bia.<\/p>\n","protected":false},"excerpt":{"rendered":"<p><strong>Combate pielea uscat\u0103, cr\u0103p\u0103turile \u0219i irita\u021bia<\/strong><\/p>\n<p>Ambalaj: Tub de 100 ml<\/p>\n","protected":false},"featured_media":3705,"template":"","meta":[],"product_brand":[],"product_cat":[121,117,120],"product_tag":[145,109],"class_list":{"0":"post-3704","1":"product","2":"type-product","3":"status-publish","4":"has-post-thumbnail","6":"product_cat-creme","7":"product_cat-hidratare-si-hranire","8":"product_cat-zone-specifice","9":"product_tag-corporal","10":"product_tag-equilibrium","13":"outofstock","14":"sale","15":"taxable","16":"shipping-taxable","17":"purchasable","18":"product-type-simple","19":"product-grid-view"},"_links":{"self":[{"href":"https:\/\/harmoniq.md\/ro\/wp-json\/wp\/v2\/product\/3704","targetHints":{"allow":["GET"]}}],"collection":[{"href":"https:\/\/harmoniq.md\/ro\/wp-json\/wp\/v2\/product"}],"about":[{"href":"https:\/\/harmoniq.md\/ro\/wp-json\/wp\/v2\/types\/product"}],"version-history":[{"count":3,"href":"https:\/\/harmoniq.md\/ro\/wp-json\/wp\/v2\/product\/3704\/revisions"}],"predecessor-version":[{"id":5135,"href":"https:\/\/harmoniq.md\/ro\/wp-json\/wp\/v2\/product\/3704\/revisions\/5135"}],"wp:featuredmedia":[{"embeddable":true,"href":"https:\/\/harmoniq.md\/ro\/wp-json\/wp\/v2\/media\/3705"}],"wp:attachment":[{"href":"https:\/\/harmoniq.md\/ro\/wp-json\/wp\/v2\/media?parent=3704"}],"wp:term":[{"taxonomy":"product_brand","embeddable":true,"href":"https:\/\/harmoniq.md\/ro\/wp-json\/wp\/v2\/product_brand?post=3704"},{"taxonomy":"product_cat","embeddable":true,"href":"https:\/\/harmoniq.md\/ro\/wp-json\/wp\/v2\/product_cat?post=3704"},{"taxonomy":"product_tag","embeddable":true,"href":"https:\/\/harmoniq.md\/ro\/wp-json\/wp\/v2\/product_tag?post=3704"}],"curies":[{"name":"wp","href":"https:\/\/api.w.org\/{rel}","templated":true}]}}