{"id":3683,"date":"2025-01-18T11:41:36","date_gmt":"2025-01-18T09:41:36","guid":{"rendered":"https:\/\/harmoniq.md\/?post_type=product&#038;p=3683"},"modified":"2025-12-15T17:20:29","modified_gmt":"2025-12-15T15:20:29","slug":"roll-on-esenta-ulei-parfumata-woody-irritual","status":"publish","type":"product","link":"https:\/\/harmoniq.md\/ro\/product\/roll-on-esenta-ulei-parfumata-woody-irritual\/","title":{"rendered":"Roll On \u2013 Esen\u021b\u0103 Ulei Parfumat\u0103 Woody Irritual"},"content":{"rendered":"<p>Esen\u021ba Ulei Parfumat\u0103 Woody Roll On\u00a0este un ulei de corp parfumat ce las\u0103 pielea \u00eenv\u0103luit\u0103 de\u00a0note de flori albe \u0219i lemn, purtate de briza m\u0103rii. Un ulei parfumat cu\u00a0absorb\u021bie imediat\u0103,\u00a0de avut mereu \u00een geant\u0103 cu tine\u00a0pentru o relaxare senzorial\u0103 pl\u0103cut\u0103.<\/p>\n","protected":false},"excerpt":{"rendered":"<p><strong>Roll On \u2013 Esen\u021b\u0103 Ulei Parfumat\u0103 Woddy Irritual<\/strong><\/p>\n<p>Ambalaj: Roll On 10 ml<\/p>\n","protected":false},"featured_media":3684,"template":"","meta":[],"product_brand":[],"product_cat":[118,125],"product_tag":[145,176],"class_list":{"0":"post-3683","1":"product","2":"type-product","3":"status-publish","4":"has-post-thumbnail","6":"product_cat-stare-de-bine","7":"product_cat-uleiuri","8":"product_tag-corporal","9":"product_tag-irritual","12":"instock","13":"sale","14":"taxable","15":"shipping-taxable","16":"purchasable","17":"product-type-simple","18":"product-grid-view"},"_links":{"self":[{"href":"https:\/\/harmoniq.md\/ro\/wp-json\/wp\/v2\/product\/3683","targetHints":{"allow":["GET"]}}],"collection":[{"href":"https:\/\/harmoniq.md\/ro\/wp-json\/wp\/v2\/product"}],"about":[{"href":"https:\/\/harmoniq.md\/ro\/wp-json\/wp\/v2\/types\/product"}],"version-history":[{"count":2,"href":"https:\/\/harmoniq.md\/ro\/wp-json\/wp\/v2\/product\/3683\/revisions"}],"predecessor-version":[{"id":4746,"href":"https:\/\/harmoniq.md\/ro\/wp-json\/wp\/v2\/product\/3683\/revisions\/4746"}],"wp:featuredmedia":[{"embeddable":true,"href":"https:\/\/harmoniq.md\/ro\/wp-json\/wp\/v2\/media\/3684"}],"wp:attachment":[{"href":"https:\/\/harmoniq.md\/ro\/wp-json\/wp\/v2\/media?parent=3683"}],"wp:term":[{"taxonomy":"product_brand","embeddable":true,"href":"https:\/\/harmoniq.md\/ro\/wp-json\/wp\/v2\/product_brand?post=3683"},{"taxonomy":"product_cat","embeddable":true,"href":"https:\/\/harmoniq.md\/ro\/wp-json\/wp\/v2\/product_cat?post=3683"},{"taxonomy":"product_tag","embeddable":true,"href":"https:\/\/harmoniq.md\/ro\/wp-json\/wp\/v2\/product_tag?post=3683"}],"curies":[{"name":"wp","href":"https:\/\/api.w.org\/{rel}","templated":true}]}}