{"id":3523,"date":"2025-01-17T13:58:18","date_gmt":"2025-01-17T11:58:18","guid":{"rendered":"https:\/\/harmoniq.md\/?post_type=product&#038;p=3523"},"modified":"2025-12-17T15:01:56","modified_gmt":"2025-12-17T13:01:56","slug":"masca-de-fata-ten-sensibil-emozioni-plus","status":"publish","type":"product","link":"https:\/\/harmoniq.md\/ro\/product\/masca-de-fata-ten-sensibil-emozioni-plus\/","title":{"rendered":"Masc\u0103 de Fa\u021b\u0103 Ten Sensibil Emozioni Plus"},"content":{"rendered":"<p>O\u00a0masc\u0103 de fa\u021b\u0103 calmant\u0103 pentru tenul sensibil,\u00a0cu o textur\u0103 nou\u0103 \u0219i extraordinar\u0103, care calmeaz\u0103 \u0219i\u00a0ofer\u0103 un r\u0103spuns imediat pentru pielea sensibil\u0103 \u0219i intolerant\u0103. Extractul sustenabil de turmeric contribuie la uniformizarea \u0219i iluminarea perfect\u0103 a pielii, datorit\u0103 prezen\u021bei\u00a0moleculelor antiinflamatoare \u0219i a moleculelor mesagero neuro-transmi\u021b\u0103toare, conferind un efect calmant, mai rapid \u0219i mai eficient.<\/p>\n<p>Un tratament intensiv de tip SOS,\u00a0cu efect imediat de iluminare, potrivit pentru toate situa\u021biile de disconfort cutanat.<\/p>\n","protected":false},"excerpt":{"rendered":"<div class=\"product-short-description\">\n<p><strong>Masc\u0103 de fa\u021b\u0103 pentru pielea sensibil\u0103 \u0219i reactiv\u0103<\/strong><\/p>\n<p>Ambalaj: Tub de 75 ml<\/p>\n<\/div>\n","protected":false},"featured_media":3524,"template":"","meta":[],"product_brand":[],"product_cat":[94,156],"product_tag":[101,144],"class_list":{"0":"post-3523","1":"product","2":"type-product","3":"status-publish","4":"has-post-thumbnail","6":"product_cat-masti-faciale","7":"product_cat-ten-sensibil-si-intolerant","8":"product_tag-emozioni-plus","9":"product_tag-facial","12":"instock","13":"sale","14":"taxable","15":"shipping-taxable","16":"purchasable","17":"product-type-simple","18":"product-grid-view"},"_links":{"self":[{"href":"https:\/\/harmoniq.md\/ro\/wp-json\/wp\/v2\/product\/3523","targetHints":{"allow":["GET"]}}],"collection":[{"href":"https:\/\/harmoniq.md\/ro\/wp-json\/wp\/v2\/product"}],"about":[{"href":"https:\/\/harmoniq.md\/ro\/wp-json\/wp\/v2\/types\/product"}],"version-history":[{"count":2,"href":"https:\/\/harmoniq.md\/ro\/wp-json\/wp\/v2\/product\/3523\/revisions"}],"predecessor-version":[{"id":4804,"href":"https:\/\/harmoniq.md\/ro\/wp-json\/wp\/v2\/product\/3523\/revisions\/4804"}],"wp:featuredmedia":[{"embeddable":true,"href":"https:\/\/harmoniq.md\/ro\/wp-json\/wp\/v2\/media\/3524"}],"wp:attachment":[{"href":"https:\/\/harmoniq.md\/ro\/wp-json\/wp\/v2\/media?parent=3523"}],"wp:term":[{"taxonomy":"product_brand","embeddable":true,"href":"https:\/\/harmoniq.md\/ro\/wp-json\/wp\/v2\/product_brand?post=3523"},{"taxonomy":"product_cat","embeddable":true,"href":"https:\/\/harmoniq.md\/ro\/wp-json\/wp\/v2\/product_cat?post=3523"},{"taxonomy":"product_tag","embeddable":true,"href":"https:\/\/harmoniq.md\/ro\/wp-json\/wp\/v2\/product_tag?post=3523"}],"curies":[{"name":"wp","href":"https:\/\/api.w.org\/{rel}","templated":true}]}}