{"id":3464,"date":"2025-01-17T13:28:59","date_gmt":"2025-01-17T11:28:59","guid":{"rendered":"https:\/\/harmoniq.md\/?post_type=product&#038;p=3464"},"modified":"2025-12-15T17:27:15","modified_gmt":"2025-12-15T15:27:15","slug":"demachiant-ochi-si-buze-equilibrium","status":"publish","type":"product","link":"https:\/\/harmoniq.md\/ro\/product\/demachiant-ochi-si-buze-equilibrium\/","title":{"rendered":"Demachiant Ochi \u0219i Buze Equilibrium"},"content":{"rendered":"<p>Un demachiant delicat pentru ochi \u0219i buze sensibile, cu ac\u021biune calmant\u0103.\u00a0Cur\u0103\u021b\u0103 \u0219i purific\u0103 delicat, elimin\u00e2nd machiajul \u0219i impurit\u0103\u021bile de pe gene, pleoape \u0219i buze, f\u0103r\u0103 frecare. Ofer\u0103 o senza\u021bie pl\u0103cut\u0103 de prospe\u021bime, datorit\u0103 prezen\u021bei\u00a0extractelor de Aloe, Acid Hialuronic \u0219i Pantenol.<\/p>\n<p>F\u0103r\u0103 parfum, ideal pentru purt\u0103torii de lentile de contact \u0219i pentru pleoapele predispuse la irita\u021bii.<\/p>\n<p>Potrivit \u0219i dup\u0103 un tratament de extensie a genelor sau laminare.<\/p>\n","protected":false},"excerpt":{"rendered":"<p><strong>Demachiant Ochi \u0219i Buze<\/strong><\/p>\n<p>Ambalaj: Tub de 125 ml<\/p>\n","protected":false},"featured_media":3465,"template":"","meta":[],"product_brand":[],"product_cat":[90,91,155,156],"product_tag":[109,144],"class_list":{"0":"post-3464","1":"product","2":"type-product","3":"status-publish","4":"has-post-thumbnail","6":"product_cat-contur-ochi-si-buze","7":"product_cat-demachiere-si-curatare","8":"product_cat-ten-normal","9":"product_cat-ten-sensibil-si-intolerant","10":"product_tag-equilibrium","11":"product_tag-facial","14":"instock","15":"sale","16":"taxable","17":"shipping-taxable","18":"purchasable","19":"product-type-simple","20":"product-grid-view"},"_links":{"self":[{"href":"https:\/\/harmoniq.md\/ro\/wp-json\/wp\/v2\/product\/3464","targetHints":{"allow":["GET"]}}],"collection":[{"href":"https:\/\/harmoniq.md\/ro\/wp-json\/wp\/v2\/product"}],"about":[{"href":"https:\/\/harmoniq.md\/ro\/wp-json\/wp\/v2\/types\/product"}],"version-history":[{"count":2,"href":"https:\/\/harmoniq.md\/ro\/wp-json\/wp\/v2\/product\/3464\/revisions"}],"predecessor-version":[{"id":4811,"href":"https:\/\/harmoniq.md\/ro\/wp-json\/wp\/v2\/product\/3464\/revisions\/4811"}],"wp:featuredmedia":[{"embeddable":true,"href":"https:\/\/harmoniq.md\/ro\/wp-json\/wp\/v2\/media\/3465"}],"wp:attachment":[{"href":"https:\/\/harmoniq.md\/ro\/wp-json\/wp\/v2\/media?parent=3464"}],"wp:term":[{"taxonomy":"product_brand","embeddable":true,"href":"https:\/\/harmoniq.md\/ro\/wp-json\/wp\/v2\/product_brand?post=3464"},{"taxonomy":"product_cat","embeddable":true,"href":"https:\/\/harmoniq.md\/ro\/wp-json\/wp\/v2\/product_cat?post=3464"},{"taxonomy":"product_tag","embeddable":true,"href":"https:\/\/harmoniq.md\/ro\/wp-json\/wp\/v2\/product_tag?post=3464"}],"curies":[{"name":"wp","href":"https:\/\/api.w.org\/{rel}","templated":true}]}}