{"id":3418,"date":"2025-01-17T10:42:09","date_gmt":"2025-01-17T08:42:09","guid":{"rendered":"https:\/\/harmoniq.md\/?post_type=product&#038;p=3418"},"modified":"2025-12-15T17:29:03","modified_gmt":"2025-12-15T15:29:03","slug":"scrub-facial-cu-afine-si-litchi-bio","status":"publish","type":"product","link":"https:\/\/harmoniq.md\/ro\/product\/scrub-facial-cu-afine-si-litchi-bio\/","title":{"rendered":"Scrub Facial cu Afine \u0219i Litchi BIO+"},"content":{"rendered":"<p>Un\u00a0scrub facial exfoliant certificat organic, ideal pentru purificarea \u0219i netezirea pielii fe\u021bei. Particulele de exfoliere\u00a0pe baz\u0103 de plante \u00eendep\u0103rteaz\u0103 celulele moarte \u0219i impurit\u0103\u021bile.<\/p>\n","protected":false},"excerpt":{"rendered":"<p><strong>Scrub bio vegan pentru fa\u021b\u0103<\/strong><\/p>\n<p>Ambalaj: Tub de 150 ml<\/p>\n","protected":false},"featured_media":3420,"template":"","meta":[],"product_brand":[],"product_cat":[122,91,123,96,155],"product_tag":[107,144],"class_list":{"0":"post-3418","1":"product","2":"type-product","3":"status-publish","4":"has-post-thumbnail","6":"product_cat-curatare-si-igiena-personala","7":"product_cat-demachiere-si-curatare","8":"product_cat-organice-si-vegane","9":"product_cat-scruburi-exfoliante","10":"product_cat-ten-normal","11":"product_tag-bio","12":"product_tag-facial","15":"instock","16":"sale","17":"taxable","18":"shipping-taxable","19":"purchasable","20":"product-type-simple","21":"product-grid-view"},"_links":{"self":[{"href":"https:\/\/harmoniq.md\/ro\/wp-json\/wp\/v2\/product\/3418","targetHints":{"allow":["GET"]}}],"collection":[{"href":"https:\/\/harmoniq.md\/ro\/wp-json\/wp\/v2\/product"}],"about":[{"href":"https:\/\/harmoniq.md\/ro\/wp-json\/wp\/v2\/types\/product"}],"version-history":[{"count":2,"href":"https:\/\/harmoniq.md\/ro\/wp-json\/wp\/v2\/product\/3418\/revisions"}],"predecessor-version":[{"id":4727,"href":"https:\/\/harmoniq.md\/ro\/wp-json\/wp\/v2\/product\/3418\/revisions\/4727"}],"wp:featuredmedia":[{"embeddable":true,"href":"https:\/\/harmoniq.md\/ro\/wp-json\/wp\/v2\/media\/3420"}],"wp:attachment":[{"href":"https:\/\/harmoniq.md\/ro\/wp-json\/wp\/v2\/media?parent=3418"}],"wp:term":[{"taxonomy":"product_brand","embeddable":true,"href":"https:\/\/harmoniq.md\/ro\/wp-json\/wp\/v2\/product_brand?post=3418"},{"taxonomy":"product_cat","embeddable":true,"href":"https:\/\/harmoniq.md\/ro\/wp-json\/wp\/v2\/product_cat?post=3418"},{"taxonomy":"product_tag","embeddable":true,"href":"https:\/\/harmoniq.md\/ro\/wp-json\/wp\/v2\/product_tag?post=3418"}],"curies":[{"name":"wp","href":"https:\/\/api.w.org\/{rel}","templated":true}]}}