{"id":3413,"date":"2025-01-17T10:38:32","date_gmt":"2025-01-17T08:38:32","guid":{"rendered":"https:\/\/harmoniq.md\/?post_type=product&#038;p=3413"},"modified":"2026-01-09T11:24:21","modified_gmt":"2026-01-09T09:24:21","slug":"crema-de-fata-organica-hidratanta-bio","status":"publish","type":"product","link":"https:\/\/harmoniq.md\/ro\/product\/crema-de-fata-organica-hidratanta-bio\/","title":{"rendered":"Crem\u0103 de Fa\u021b\u0103 Organic\u0103 Hidratant\u0103 BIO+"},"content":{"rendered":"<p>Crem\u0103 de fa\u021b\u0103 hidratant\u0103 24 de ore\u00a0cu\u00a0extracte organice certificate\u00a0care ofer\u0103 pielii protec\u021bie \u0219i catifelare pe tot parcursul zilei.<\/p>\n<p>Potrivit\u0103 pentru toate tipurile de ten, ideal\u0103 dac\u0103 este personalizat\u0103 cu diversele esen\u021be din gama BIO+<\/p>\n","protected":false},"excerpt":{"rendered":"<p><strong>Crem\u0103 hidratant\u0103 bio-vegan\u0103<\/strong><\/p>\n<p>Ambalaj: Borcan de 50 ml<\/p>\n","protected":false},"featured_media":3414,"template":"","meta":[],"product_brand":[],"product_cat":[121,89,123,175,158,157,155,156,154],"product_tag":[107,144],"class_list":{"0":"post-3413","1":"product","2":"type-product","3":"status-publish","4":"has-post-thumbnail","6":"product_cat-creme","7":"product_cat-creme-de-fata","8":"product_cat-organice-si-vegane","9":"product_cat-piele-terna","10":"product_cat-ten-cu-pete","11":"product_cat-ten-mixt-impur","12":"product_cat-ten-normal","13":"product_cat-ten-sensibil-si-intolerant","14":"product_cat-ten-uscat","15":"product_tag-bio","16":"product_tag-facial","19":"outofstock","20":"sale","21":"taxable","22":"shipping-taxable","23":"purchasable","24":"product-type-simple","25":"product-grid-view"},"_links":{"self":[{"href":"https:\/\/harmoniq.md\/ro\/wp-json\/wp\/v2\/product\/3413","targetHints":{"allow":["GET"]}}],"collection":[{"href":"https:\/\/harmoniq.md\/ro\/wp-json\/wp\/v2\/product"}],"about":[{"href":"https:\/\/harmoniq.md\/ro\/wp-json\/wp\/v2\/types\/product"}],"version-history":[{"count":2,"href":"https:\/\/harmoniq.md\/ro\/wp-json\/wp\/v2\/product\/3413\/revisions"}],"predecessor-version":[{"id":4764,"href":"https:\/\/harmoniq.md\/ro\/wp-json\/wp\/v2\/product\/3413\/revisions\/4764"}],"wp:featuredmedia":[{"embeddable":true,"href":"https:\/\/harmoniq.md\/ro\/wp-json\/wp\/v2\/media\/3414"}],"wp:attachment":[{"href":"https:\/\/harmoniq.md\/ro\/wp-json\/wp\/v2\/media?parent=3413"}],"wp:term":[{"taxonomy":"product_brand","embeddable":true,"href":"https:\/\/harmoniq.md\/ro\/wp-json\/wp\/v2\/product_brand?post=3413"},{"taxonomy":"product_cat","embeddable":true,"href":"https:\/\/harmoniq.md\/ro\/wp-json\/wp\/v2\/product_cat?post=3413"},{"taxonomy":"product_tag","embeddable":true,"href":"https:\/\/harmoniq.md\/ro\/wp-json\/wp\/v2\/product_tag?post=3413"}],"curies":[{"name":"wp","href":"https:\/\/api.w.org\/{rel}","templated":true}]}}