{"id":3373,"date":"2025-01-17T10:24:39","date_gmt":"2025-01-17T08:24:39","guid":{"rendered":"https:\/\/harmoniq.md\/?post_type=product&#038;p=3373"},"modified":"2025-09-22T22:30:12","modified_gmt":"2025-09-22T20:30:12","slug":"kit-cosmetic-ten-mixt-si-impur-balance","status":"publish","type":"product","link":"https:\/\/harmoniq.md\/ro\/product\/kit-cosmetic-ten-mixt-si-impur-balance\/","title":{"rendered":"Kit Cosmetic Ten Mixt \u0219i Impur BALANCE"},"content":{"rendered":"<p>Un kit cosmetic de \u00eenfrumuse\u021bare pentru tenul mixt \u0219i impur\u00a0cu trei cosmetice pre\u021bioase cu ac\u021biune purificatoare, matifiant\u0103 \u0219i hidratant\u0103. Ideal pentru \u00eengrijirea complet\u0103 a pielii faciale, care combate eficient co\u0219urile, porii dilata\u021bi, punctele negre \u0219i excesul de sebum.<\/p>\n<p>Pentru un efect mat asupra pielii care dureaz\u0103 toat\u0103 ziua.<\/p>\n<p>Demachiant purificator cu acid salicilic 50 ml<\/p>\n<p>Un demachiant facial purificator cu acid salicilic, cu ac\u021biune exfoliant\u0103 \u0219i anti-imperfec\u021biuni, care neteze\u0219te pielea \u0219i \u00eendep\u0103rteaz\u0103 excesul de sebum, f\u0103c\u00e2nd imediat fa\u021ba mai pu\u021bin str\u0103lucitoare.<\/p>\n<p>Crem\u0103 de fa\u021b\u0103 purificatoare 15 ml<\/p>\n<p>O crem\u0103 de fa\u021b\u0103 purificatoare care ac\u021bioneaz\u0103 eficient asupra imperfec\u021biunilor fe\u021bei \u0219i zonelor localizate ale corpului, hidrat\u00e2nd, \u00een acela\u0219i timp, pielea.<\/p>\n<p>Masc\u0103 Purificatoare Spongy 3&#215;7 ml<\/p>\n<p>O masc\u0103 de fa\u021b\u0103 purificatoare anti-imperfec\u021biuni care neteze\u0219te, lumineaz\u0103 \u0219i uniformizeaz\u0103 perfect pielea, minimizeaz\u0103 porii \u0219i ofer\u0103 fe\u021bei un aspect mat care dureaz\u0103 toat\u0103 ziua.<\/p>\n","protected":false},"excerpt":{"rendered":"<p><strong>Produse cosmetice pentru piele mixt\u0103 \u0219i impur\u0103 la dimensiune de \u00eencercare<\/strong><\/p>\n","protected":false},"featured_media":3374,"template":"","meta":[],"product_brand":[],"product_cat":[93,139,157],"product_tag":[106,144],"class_list":{"0":"post-3373","1":"product","2":"type-product","3":"status-publish","4":"has-post-thumbnail","6":"product_cat-kituri-cosmetice","7":"product_cat-seturi-cadou","8":"product_cat-ten-mixt-impur","9":"product_tag-balance","10":"product_tag-facial","13":"outofstock","14":"taxable","15":"shipping-taxable","16":"purchasable","17":"product-type-simple","18":"product-grid-view"},"_links":{"self":[{"href":"https:\/\/harmoniq.md\/ro\/wp-json\/wp\/v2\/product\/3373","targetHints":{"allow":["GET"]}}],"collection":[{"href":"https:\/\/harmoniq.md\/ro\/wp-json\/wp\/v2\/product"}],"about":[{"href":"https:\/\/harmoniq.md\/ro\/wp-json\/wp\/v2\/types\/product"}],"version-history":[{"count":5,"href":"https:\/\/harmoniq.md\/ro\/wp-json\/wp\/v2\/product\/3373\/revisions"}],"predecessor-version":[{"id":4813,"href":"https:\/\/harmoniq.md\/ro\/wp-json\/wp\/v2\/product\/3373\/revisions\/4813"}],"wp:featuredmedia":[{"embeddable":true,"href":"https:\/\/harmoniq.md\/ro\/wp-json\/wp\/v2\/media\/3374"}],"wp:attachment":[{"href":"https:\/\/harmoniq.md\/ro\/wp-json\/wp\/v2\/media?parent=3373"}],"wp:term":[{"taxonomy":"product_brand","embeddable":true,"href":"https:\/\/harmoniq.md\/ro\/wp-json\/wp\/v2\/product_brand?post=3373"},{"taxonomy":"product_cat","embeddable":true,"href":"https:\/\/harmoniq.md\/ro\/wp-json\/wp\/v2\/product_cat?post=3373"},{"taxonomy":"product_tag","embeddable":true,"href":"https:\/\/harmoniq.md\/ro\/wp-json\/wp\/v2\/product_tag?post=3373"}],"curies":[{"name":"wp","href":"https:\/\/api.w.org\/{rel}","templated":true}]}}