{"id":3136,"date":"2025-01-14T22:09:58","date_gmt":"2025-01-14T20:09:58","guid":{"rendered":"https:\/\/harmoniq.md\/?post_type=product&#038;p=3136"},"modified":"2025-12-15T17:32:48","modified_gmt":"2025-12-15T15:32:48","slug":"demachiant-micelar-lime","status":"publish","type":"product","link":"https:\/\/harmoniq.md\/ro\/product\/demachiant-micelar-lime\/","title":{"rendered":"Demachiant Micelar LIME"},"content":{"rendered":"<p>Un demachiant pur cu floare de portocal \u0219i ap\u0103 micelar\u0103 de cur\u0103\u021bare pentru fa\u021b\u0103 \u0219i ochi, cu micelii delicate de nou\u0103 genera\u021bie, care cur\u0103\u021b\u0103 pielea elimin\u00e2nd machiajul, impurit\u0103\u021bile \u0219i poluarea. Are un efect calmant. Miceliile microscopice cu structur\u0103 ambivalent\u0103 (lipofila \u0219i hidrofila)\u00a0capteaz\u0103 toxinele \u0219i impurit\u0103\u021bile respect\u00e2nd fiziologia natural\u0103 a pielii.<\/p>\n<p>O formul\u0103 mai eficient\u0103!\u00a0Demachiantul micelar\u00a0din noua gam\u0103\u00a0Lime\u00a0con\u021bine\u00a0tei mexican\u00a0ob\u021binut prin extrac\u021bie enzimatic\u0103 din\u00a0alimente reciclate,\u00a0o metod\u0103 anti-risip\u0103 care permite utilizarea p\u0103r\u021bilor plantelor bogate \u00een ingrediente active, care altfel ar fi aruncate.<\/p>\n<p>Practic\u0103 \u0219i rapid\u0103, apa demachiant\u0103 Lime este perfect\u0103 \u0219i pentru\u00a0cur\u0103\u021barea ochilor sensibili \u0219i pentru purt\u0103torii de lentile de contact.<\/p>\n<p>Nu con\u021bine siliconi, deriva\u021bi de silicon sau substan\u021be marine poluante. Ambalajul a fost re\u00eennoit \u00eentr-un mod sustenabil, iar ingredientele au fost selectate conform criteriilor de reciclare.<\/p>\n","protected":false},"excerpt":{"rendered":"<p><strong>Ap\u0103 micelar\u0103 demachiant\u0103<\/strong><\/p>\n<p>Ambalaj: Sticl\u0103 200 ml<\/p>\n","protected":false},"featured_media":3137,"template":"","meta":[],"product_brand":[],"product_cat":[91,175],"product_tag":[144,102,143],"class_list":{"0":"post-3136","1":"product","2":"type-product","3":"status-publish","4":"has-post-thumbnail","6":"product_cat-demachiere-si-curatare","7":"product_cat-piele-terna","8":"product_tag-facial","9":"product_tag-lime","10":"product_tag-piele-terna","13":"instock","14":"sale","15":"taxable","16":"shipping-taxable","17":"purchasable","18":"product-type-simple","19":"product-grid-view"},"_links":{"self":[{"href":"https:\/\/harmoniq.md\/ro\/wp-json\/wp\/v2\/product\/3136","targetHints":{"allow":["GET"]}}],"collection":[{"href":"https:\/\/harmoniq.md\/ro\/wp-json\/wp\/v2\/product"}],"about":[{"href":"https:\/\/harmoniq.md\/ro\/wp-json\/wp\/v2\/types\/product"}],"version-history":[{"count":6,"href":"https:\/\/harmoniq.md\/ro\/wp-json\/wp\/v2\/product\/3136\/revisions"}],"predecessor-version":[{"id":6329,"href":"https:\/\/harmoniq.md\/ro\/wp-json\/wp\/v2\/product\/3136\/revisions\/6329"}],"wp:featuredmedia":[{"embeddable":true,"href":"https:\/\/harmoniq.md\/ro\/wp-json\/wp\/v2\/media\/3137"}],"wp:attachment":[{"href":"https:\/\/harmoniq.md\/ro\/wp-json\/wp\/v2\/media?parent=3136"}],"wp:term":[{"taxonomy":"product_brand","embeddable":true,"href":"https:\/\/harmoniq.md\/ro\/wp-json\/wp\/v2\/product_brand?post=3136"},{"taxonomy":"product_cat","embeddable":true,"href":"https:\/\/harmoniq.md\/ro\/wp-json\/wp\/v2\/product_cat?post=3136"},{"taxonomy":"product_tag","embeddable":true,"href":"https:\/\/harmoniq.md\/ro\/wp-json\/wp\/v2\/product_tag?post=3136"}],"curies":[{"name":"wp","href":"https:\/\/api.w.org\/{rel}","templated":true}]}}